{"id":3,"date":"2025-09-24T12:36:22","date_gmt":"2025-09-24T12:36:22","guid":{"rendered":"https:\/\/sskosmos.ee\/?page_id=3"},"modified":"2025-10-02T11:42:49","modified_gmt":"2025-10-02T11:42:49","slug":"privaatsusreeglid","status":"publish","type":"page","link":"https:\/\/sskosmos.ee\/en\/ettevottest\/privaatsusreeglid\/","title":{"rendered":"Privacy Policy"},"content":{"rendered":"<div class=\"wp-block-columns is-layout-flex wp-container-core-columns-is-layout-e5b7a81b wp-block-columns-is-layout-flex\" style=\"padding-top:2em;padding-right:2em;padding-bottom:2em;padding-left:2em\">\n<div class=\"wp-block-column is-layout-flow wp-block-column-is-layout-flow\"><\/div>\n\n\n\n<div class=\"wp-block-column is-layout-flow wp-block-column-is-layout-flow\" style=\"border-bottom-style:none;border-bottom-width:0px;padding-bottom:4em;flex-basis:50%\">\n<h2 class=\"wp-block-heading has-text-align-left\">Privacy Policy<\/h2>\n\n\n\n<p class=\"has-inter-font-family\" style=\"font-size:clamp(0.875em, 0.875rem + ((1vw - 0.2em) * 0.281), 1.1em);font-style:normal;font-weight:300;letter-spacing:0px;line-height:2\">Veebipoe Silvi Simberg Kosmos&nbsp;sskosmos.ee isikuandmete vastutav t\u00f6\u00f6tleja on O\u00dc Oathfeed (registrikood 16710258), asukohaga K\u00e4\u00e4rdi 4, V\u00f5iste, H\u00e4\u00e4demeeste Vald, Eesti.tel +372 5694 8481 ja e-kiri silvisimberg@outlook.com.<\/p>\n\n\n\n<details class=\"wp-block-details toc has-inter-font-family is-layout-flow wp-container-core-details-is-layout-fe475fcd wp-block-details-is-layout-flow\" style=\"font-style:normal;font-weight:300;letter-spacing:1px;text-transform:uppercase\"><summary>Milliseid isikuandmeid t\u00f6\u00f6deldakse<\/summary>\n<ul style=\"font-size:clamp(0.875em, 0.875rem + ((1vw - 0.2em) * 0.156), 1em);letter-spacing:0px;text-transform:none\" class=\"wp-block-list\">\n<li style=\"padding-top:0em;padding-bottom:0em\">Nimi, telefoninumber ja e-posti aadress;<\/li>\n\n\n\n<li style=\"padding-top:0em;padding-bottom:0em\">Kauba kohaletoimetamise aadress;<\/li>\n\n\n\n<li style=\"padding-top:0em;padding-bottom:0em\">Pangakonto number (j\u00e4\u00e4b enamikel juhtudel pangateenuse hallata);<\/li>\n\n\n\n<li style=\"padding-top:0em;padding-bottom:0em\">Kaupade ja teenuste maksumus ja maksetega seotud andmed (ostuajalugu);<\/li>\n\n\n\n<li style=\"padding-top:0em;padding-bottom:0em\">Klienditoe andmed.<\/li>\n\n\n\n<li style=\"padding-top:0em;padding-bottom:0em\">IP aadress<\/li>\n<\/ul>\n<\/details>\n\n\n\n<details class=\"wp-block-details toc has-inter-font-family is-layout-flow wp-container-core-details-is-layout-fe475fcd wp-block-details-is-layout-flow\" style=\"font-style:normal;font-weight:300;letter-spacing:1px;text-transform:uppercase\"><summary>Mis eesm\u00e4rgil isikuandmeid t\u00f6\u00f6deldakse<\/summary>\n<ul style=\"font-size:clamp(0.875em, 0.875rem + ((1vw - 0.2em) * 0.156), 1em);letter-spacing:0px;text-transform:none\" class=\"wp-block-list\">\n<li style=\"padding-top:0em;padding-bottom:0em\">Isikuandmeid kasutatakse kliendi tellimuste haldamiseks, kauba kohaletoimetamiseks ja garantiiga seotud tegevusteks.<\/li>\n\n\n\n<li style=\"padding-top:0em;padding-bottom:0em\">Ostuajaloo andmeid (ostu kuup\u00e4ev, kaup, kogus, kliendi andmed) kasutatakse ostetud kaupade ja teenuste \u00fclevaate koostamiseks, kliendieelistuste anal\u00fc\u00fcsimiseks ning mh tarbijavaidluste lahendamise eesm\u00e4rgil.<\/li>\n\n\n\n<li style=\"padding-top:0em;padding-bottom:0em\">Pangakonto numbrit kasutatakse kliendile maksete tagastamiseks.<\/li>\n\n\n\n<li style=\"padding-top:0em;padding-bottom:0em\">Isikuandmeid nagu e-post, telefoni nr, kliendi nimi, t\u00f6\u00f6deldakse selleks, et lahendada kaupade ja teenuste osutamise seonduvaid k\u00fcsimusi (klienditugi).<\/li>\n\n\n\n<li style=\"padding-top:0em;padding-bottom:0em\">E-posti kasutatakse lisaks arvete saatmiseks ning telefoni numbrit kasutatakse paki kohaletoimetamiseks automaati v\u00f5i ukseni.<\/li>\n\n\n\n<li style=\"padding-top:0em;padding-bottom:0em\">Veebipoe kasutaja IP-aadressi v\u00f5i teisi v\u00f5rguidentifikaatoreid t\u00f6\u00f6deldakse veebipoe kui info\u00fchiskonna teenuse osutamiseks ning veebikasutusstatistika tegemiseks.<\/li>\n<\/ul>\n<\/details>\n\n\n\n<details class=\"wp-block-details toc has-inter-font-family is-layout-flow wp-container-core-details-is-layout-fe475fcd wp-block-details-is-layout-flow\" style=\"font-style:normal;font-weight:300;letter-spacing:1px;text-transform:uppercase\"><summary>\u00d5iguslik alus andmet\u00f6\u00f6tluseks<\/summary>\n<ul style=\"font-size:clamp(0.875em, 0.875rem + ((1vw - 0.2em) * 0.156), 1em);letter-spacing:0px;text-transform:none\" class=\"wp-block-list\">\n<li style=\"padding-top:0em;padding-bottom:0em\">Isikuandmete t\u00f6\u00f6tlemine toimub kliendiga s\u00f5lmitud lepingu t\u00e4itmise eesm\u00e4rgil (kliendi tellimuste haldamine, kohaletoimetamine, kauba ja maksete tagastamine).<\/li>\n\n\n\n<li style=\"padding-top:0em;padding-bottom:0em\">Isikuandmete t\u00f6\u00f6tlemine toimub seadusj\u00e4rgse kohustuse t\u00e4itmiseks (nt raamatupidamine).<\/li>\n\n\n\n<li style=\"padding-top:0em;padding-bottom:0em\">Isikuandmete t\u00f6\u00f6tlemine on vajalik vastutava t\u00f6\u00f6tleja \u00f5igustatud huvi t\u00f5ttu, mis seisneb v\u00f5imalike tarbijavaidluste lahendamise eesm\u00e4rgil ostuajaloo andmete kogumises.<\/li>\n<\/ul>\n<\/details>\n\n\n\n<details class=\"wp-block-details toc has-inter-font-family is-layout-flow wp-container-core-details-is-layout-fe475fcd wp-block-details-is-layout-flow\" style=\"font-style:normal;font-weight:300;letter-spacing:1px;text-transform:uppercase\"><summary>Vastuv\u00f5tjad kellele isikuandmed edastatakse<\/summary>\n<ul style=\"font-size:clamp(0.875em, 0.875rem + ((1vw - 0.2em) * 0.156), 1em);letter-spacing:0px;text-transform:none\" class=\"wp-block-list\">\n<li style=\"padding-top:0em;padding-bottom:0em\">Nimi, telefoninumber ja e-posti aadress edastatakse kliendi poolt valitud transporditeenuse pakkujale.<\/li>\n\n\n\n<li style=\"padding-top:0em;padding-bottom:0em\">Kui tegemist on kulleriga kohale toimetatava kaubaga, siis edastatakse lisaks kontaktandmetele ka kliendi aadress.<\/li>\n\n\n\n<li style=\"padding-top:0em;padding-bottom:0em\">Kui veebipoe raamatupidamine toimub teenusepakkuja poolt, siis edastatakse isikuandmed teenusepakkujale raamatupidamistoimingute tegemiseks.<\/li>\n\n\n\n<li style=\"padding-top:0em;padding-bottom:0em\">Isikuandmeid v\u00f5idakse edastada infotehnoloogia teenuste pakkujatele, kui see on vajalik veebipoe funktsionaalsuse v\u00f5i andmemajutuse tagamiseks.<\/li>\n<\/ul>\n<\/details>\n\n\n\n<details class=\"wp-block-details toc has-inter-font-family is-layout-flow wp-container-core-details-is-layout-fe475fcd wp-block-details-is-layout-flow\" style=\"font-style:normal;font-weight:300;letter-spacing:1px;text-transform:uppercase\"><summary>Turvalisus ja ligip\u00e4\u00e4s andmetele<\/summary>\n<ul style=\"font-size:clamp(0.875em, 0.875rem + ((1vw - 0.2em) * 0.156), 1em);letter-spacing:0px;text-transform:none\" class=\"wp-block-list\">\n<li style=\"padding-top:0em;padding-bottom:0em\">Isikuandmeid hoitakse Zone virutaalserverites, mis asuvad Euroopa Liidu liikmesriigi v\u00f5i Euroopa Liidu majanduspiirkonnaga liitunud riikide territooriumil.<\/li>\n\n\n\n<li style=\"padding-top:0em;padding-bottom:0em\">Andmeid v\u00f5idakse edastada riikidesse, mille andmekaitse taset on Euroopa Komisjon hinnanud piisavaks v\u00f5i kolmanda riigi ettev\u00f5ttele, mille osas on kohaldatud isikuandmete kaitse \u00fcldm\u00e4\u00e4ruse artiklis 46 v\u00f5i 47 v\u00f5i 49 l\u00f5ikes 1 nimetatud kaitsemeedet.<\/li>\n\n\n\n<li style=\"padding-top:0em;padding-bottom:0em\">Juurdep\u00e4\u00e4s isikuandmetele on veebipoe t\u00f6\u00f6tajatel, kes saavad isikuandmetega tutvuda selleks, et lahendada veebipoe kasutamisega seonduvaid tehnilisi k\u00fcsimusi ning osutada klienditoe teenust.<\/li>\n\n\n\n<li style=\"padding-top:0em;padding-bottom:0em\">Veebipood rakendab asjakohaseid f\u00fc\u00fcsilisi, organisatsioonilisi ja infotehnilisi turvameetmeid, et kaitsta isikuandmeid juhusliku v\u00f5i ebaseadusliku h\u00e4vitamise, kaotsimineku, muutmise v\u00f5i loata juurdep\u00e4\u00e4su ja avalikustamise eest, milleks on: andmevahetus e-poega toimub kr\u00fcpteeritud \u00fchenduse kaudu (TSL), kliendi paroole hoitakse kr\u00fcpteeritult (r\u00e4sid), e-kirjade saatmisel on kasutusel standardne kr\u00fcpteerimine, e-poe serverite kaitseks on rakendatud tulem\u00fc\u00fcri).<\/li>\n\n\n\n<li style=\"padding-top:0em;padding-bottom:0em\">Isikuandmete edastamine veebipoe volitatud t\u00f6\u00f6tlejatest vastuv\u00f5tjatele (nt transporditeenuse pakkuja ja andmemajutus) toimub veebipoe ja volitatud t\u00f6\u00f6tlejatega s\u00f5lmitud lepingute alusel.<\/li>\n\n\n\n<li style=\"padding-top:0em;padding-bottom:0em\">Volitatud t\u00f6\u00f6tlejaid on kohustatud tagama isikuandmete t\u00f6\u00f6tlemisel asjakohased kaitsemeetmed koosk\u00f5las isikuandmete kaitse \u00fcldm\u00e4\u00e4ruse artikliga 28<\/li>\n<\/ul>\n<\/details>\n\n\n\n<details class=\"wp-block-details toc has-inter-font-family is-layout-flow wp-container-core-details-is-layout-fe475fcd wp-block-details-is-layout-flow\" style=\"font-style:normal;font-weight:300;letter-spacing:1px;text-transform:uppercase\"><summary>Isikuandmete ligip\u00e4\u00e4s ja Korrigeerimine<\/summary>\n<ul style=\"font-size:clamp(0.875em, 0.875rem + ((1vw - 0.2em) * 0.156), 1em);letter-spacing:0px;text-transform:none\" class=\"wp-block-list\">\n<li style=\"padding-top:0em;padding-bottom:0em\">Isikuandmetega saab tutvuda ja teha parandusi veebipoe kasutajaprofiilis v\u00f5i klienditoe vahendusel.<\/li>\n\n\n\n<li style=\"padding-top:0em;padding-bottom:0em\">Kui ost on sooritatud ilma kasutajakontota, siis saab tutvuda isikuandmetega klinditoe vahendusel.<\/li>\n\n\n\n<li style=\"padding-top:0em;padding-bottom:0em\">Kui isikuandetega tutvumise taotlus on esitatud elektrooniliselt, esitatakse ka teave \u00fcldkasutatavate elektrooniliste vahendite kaudu.<\/li>\n<\/ul>\n<\/details>\n\n\n\n<details class=\"wp-block-details toc has-inter-font-family is-layout-flow wp-container-core-details-is-layout-fe475fcd wp-block-details-is-layout-flow\" style=\"font-style:normal;font-weight:300;letter-spacing:1px;text-transform:uppercase\"><summary>N\u00f5usolekust taganemine<\/summary>\n<ul style=\"font-size:clamp(0.875em, 0.875rem + ((1vw - 0.2em) * 0.156), 1em);letter-spacing:0px;text-transform:none\" class=\"wp-block-list\">\n<li style=\"padding-top:0em;padding-bottom:0em\">Kui isikundmete t\u00f6\u00f6tlemine toimub kliendi n\u00f5usoleku alusel, siis on kliendil \u00f5igus n\u00f5usolek tagasi v\u00f5tta kliendikonto seadete all v\u00f5i teavitades sellest kliendituge e-posti teel.<\/li>\n<\/ul>\n<\/details>\n\n\n\n<details class=\"wp-block-details toc has-inter-font-family is-layout-flow wp-container-core-details-is-layout-fe475fcd wp-block-details-is-layout-flow\" style=\"font-style:normal;font-weight:300;letter-spacing:1px;text-transform:uppercase\"><summary>Andmete S\u00e4ilitamine<\/summary>\n<ul style=\"font-size:clamp(0.875em, 0.875rem + ((1vw - 0.2em) * 0.156), 1em);letter-spacing:0px;text-transform:none\" class=\"wp-block-list\">\n<li style=\"padding-top:0em;padding-bottom:0em\">Veebipoe kliendikonto sulgemisel kustutatakse isikuandmed, va isikuandmed (ostuajaloo andmed), mida on vaja s\u00e4ilitada raamatupidamise jaoks v\u00f5i tarbijavaidluste lahendamiseks.<\/li>\n\n\n\n<li style=\"padding-top:0em;padding-bottom:0em\">Maksetega ja tarbijavaidlustega seotud vaidluste korral s\u00e4ilitatakse isikuandmed kuni n\u00f5ude t\u00e4itmiseni v\u00f5i aegumist\u00e4htaja l\u00f5puni.<br>Raamatupidamise algdokumentides sisalduvaid isikuandmeid s\u00e4ilitatakse seitse aastat.<\/li>\n<\/ul>\n<\/details>\n\n\n\n<details class=\"wp-block-details toc has-inter-font-family is-layout-flow wp-container-core-details-is-layout-fe475fcd wp-block-details-is-layout-flow\" style=\"font-style:normal;font-weight:300;letter-spacing:1px;text-transform:uppercase\"><summary>Andmet\u00f6\u00f6tluse piiramise \u00f5igus<\/summary>\n<ul style=\"font-size:clamp(0.875em, 0.875rem + ((1vw - 0.2em) * 0.156), 1em);letter-spacing:0px;text-transform:none\" class=\"wp-block-list\">\n<li style=\"padding-top:0em;padding-bottom:0em\">Kliendil on \u00f5igus taotleda oma isikuandmete t\u00f6\u00f6tlemise piiramist, kui andmed on eba\u00f5iged v\u00f5i pole t\u00e4ielikud v\u00f5i kui tema isikuandmeid t\u00f6\u00f6deldakse ebaseaduslikult.<\/li>\n<\/ul>\n<\/details>\n\n\n\n<details class=\"wp-block-details toc has-inter-font-family is-layout-flow wp-container-core-details-is-layout-fe475fcd wp-block-details-is-layout-flow\" style=\"font-style:normal;font-weight:300;letter-spacing:1px;text-transform:uppercase\"><summary>Andmet\u00f6\u00f6tluse Vaidlustused<\/summary>\n<ul style=\"font-size:clamp(0.875em, 0.875rem + ((1vw - 0.2em) * 0.156), 1em);letter-spacing:0px;text-transform:none\" class=\"wp-block-list\">\n<li style=\"padding-top:0em;padding-bottom:0em\">Kliendil on \u00f5igus esitada vastuv\u00e4iteid seoses tema isikuandmete t\u00f6\u00f6tlemisega, kui tal on alust arvata, et tema isikuandmete t\u00f6\u00f6tlemiseks puudub seaduslik alus.<\/li>\n<\/ul>\n<\/details>\n\n\n\n<details class=\"wp-block-details toc has-inter-font-family is-layout-flow wp-container-core-details-is-layout-fe475fcd wp-block-details-is-layout-flow\" style=\"font-style:normal;font-weight:300;letter-spacing:1px;text-transform:uppercase\"><summary>Isikuandmete kustutamine<\/summary>\n<ul style=\"font-size:clamp(0.875em, 0.875rem + ((1vw - 0.2em) * 0.156), 1em);letter-spacing:0px;text-transform:none\" class=\"wp-block-list\">\n<li style=\"padding-top:0em;padding-bottom:0em\">Isikuandmete kustutamiseks tuleb v\u00f5tta \u00fchendust klienditoega e-posti teel.<\/li>\n\n\n\n<li style=\"padding-top:0em;padding-bottom:0em\">Kustutamistaotlusele vastatakse mitte hiljem kui kuu aja jooksul ning t\u00e4psustakse andmete kustutamise perioodi.<\/li>\n\n\n\n<li style=\"padding-top:0em;padding-bottom:0em\">Vastuses taotlusele tuuakse ka v\u00e4lja need isikuandmed, mida ei kustuta ning millisel \u00f5iguslikul alusel ja p\u00f5hjusel.<\/li>\n<\/ul>\n<\/details>\n\n\n\n<details class=\"wp-block-details toc has-inter-font-family is-layout-flow wp-container-core-details-is-layout-fe475fcd wp-block-details-is-layout-flow\" style=\"font-style:normal;font-weight:300;letter-spacing:1px;text-transform:uppercase\"><summary>Andmete \u00fclekandmine<\/summary>\n<ul style=\"font-size:clamp(0.875em, 0.875rem + ((1vw - 0.2em) * 0.156), 1em);letter-spacing:0px;text-transform:none\" class=\"wp-block-list\">\n<li style=\"padding-top:0em;padding-bottom:0em\">E-posti teel esitatud isikuandmete \u00fclekandmise taotlusele vastatakse hiljemalt kuu aja jooksul.<\/li>\n\n\n\n<li style=\"padding-top:0em;padding-bottom:0em\">Klienditugi tuvastab isikusamasuse ja teavitab isikuandmetest, mis kuuluvad \u00fclekandmisele.<\/li>\n<\/ul>\n<\/details>\n\n\n\n<details class=\"wp-block-details toc has-inter-font-family is-layout-flow wp-container-core-details-is-layout-fe475fcd wp-block-details-is-layout-flow\" style=\"font-style:normal;font-weight:300;letter-spacing:1px;text-transform:uppercase\"><summary>Turundamine (Otsepost)<\/summary>\n<ul style=\"font-size:clamp(0.875em, 0.875rem + ((1vw - 0.2em) * 0.156), 1em);letter-spacing:0px;text-transform:none\" class=\"wp-block-list\">\n<li style=\"padding-top:0em;padding-bottom:0em\">E-kirja aadressi ja telefoninumbrit kasutatakse otseturundusteadete saatmiseks, kui klient on andnud vastava n\u00f5usoleku.<\/li>\n\n\n\n<li style=\"padding-top:0em;padding-bottom:0em\">Kui klient ei soovi saada otseturustusteateid, siis tuleb valida e-kirja jaluses vastav viide v\u00f5i v\u00f5tta \u00fchendust klienditoega.<\/li>\n\n\n\n<li style=\"padding-top:0em;padding-bottom:0em\">Kui isikuandmeid t\u00f6\u00f6deldakse otseturunduse eesm\u00e4rgil (profileerimine), on kliendil \u00f5igus oma isikuandmete nii algse kui ka edasise t\u00f6\u00f6tlemise, sealhulgas otseturundusega seotud profiilianal\u00fc\u00fcsi tegemise suhtes igal ajal vastuv\u00e4iteid esitada teavitades sellest kliendituge e-posti teel (vastav teave tuleb esitada selgelt ja eraldi igasugusest muust teabest).<\/li>\n\n\n\n<li style=\"padding-top:0em;padding-bottom:0em\">Kui toimub profileerimine, siis tuleb esitada teave kasutatava loogika ja selle kohta, millised on sellise isikuandmete t\u00f6\u00f6tlemise t\u00e4htsus ja prognoositavad tagaj\u00e4rjed f\u00fc\u00fcsilise isiku jaoks (vt \u00fcldm\u00e4\u00e4rus artikkel 13 lg 2 punkt f, artikkel 14 lg 2 punkt g ja \u00fcldm\u00e4\u00e4rus p\u00f5hjenduspunkti 60).<\/li>\n<\/ul>\n<\/details>\n\n\n\n<details class=\"wp-block-details toc has-inter-font-family is-layout-flow wp-container-core-details-is-layout-fe475fcd wp-block-details-is-layout-flow\" style=\"font-style:normal;font-weight:300;letter-spacing:1px;text-transform:uppercase\"><summary>Vaidluste Lahendamine<\/summary>\n<ul style=\"font-size:clamp(0.875em, 0.875rem + ((1vw - 0.2em) * 0.156), 1em);letter-spacing:0px;text-transform:none\" class=\"wp-block-list\">\n<li style=\"padding-top:0em;padding-bottom:0em\">Isikuandmete t\u00f6\u00f6tlemisega seotud vaidluste lahendamine toimub klienditoe vahendusel (KONTAKTANDMED lehe p\u00e4ises).<\/li>\n\n\n\n<li style=\"padding-top:0em;padding-bottom:0em\">J\u00e4relevalveasutus on Eesti Andmekaitse Inspektsioon (info@aki.ee).<\/li>\n<\/ul>\n<\/details>\n<\/div>\n\n\n\n<div class=\"wp-block-column is-layout-flow wp-block-column-is-layout-flow\"><\/div>\n<\/div>","protected":false},"excerpt":{"rendered":"<p>Privaatsusreeglid Veebipoe Silvi Simberg Kosmos&nbsp;sskosmos.ee isikuandmete vastutav t\u00f6\u00f6tleja on O\u00dc Oathfeed (registrikood 16710258), asukohaga K\u00e4\u00e4rdi 4, V\u00f5iste, H\u00e4\u00e4demeeste Vald, Eesti.tel +372 5694 8481 ja e-kiri silvisimberg@outlook.com.<\/p>","protected":false},"author":1,"featured_media":220,"parent":43,"menu_order":0,"comment_status":"closed","ping_status":"closed","template":"","meta":{"footnotes":""},"class_list":["post-3","page","type-page","status-publish","has-post-thumbnail","hentry"],"jetpack_sharing_enabled":true,"_links":{"self":[{"href":"https:\/\/sskosmos.ee\/en\/wp-json\/wp\/v2\/pages\/3","targetHints":{"allow":["GET"]}}],"collection":[{"href":"https:\/\/sskosmos.ee\/en\/wp-json\/wp\/v2\/pages"}],"about":[{"href":"https:\/\/sskosmos.ee\/en\/wp-json\/wp\/v2\/types\/page"}],"author":[{"embeddable":true,"href":"https:\/\/sskosmos.ee\/en\/wp-json\/wp\/v2\/users\/1"}],"replies":[{"embeddable":true,"href":"https:\/\/sskosmos.ee\/en\/wp-json\/wp\/v2\/comments?post=3"}],"version-history":[{"count":7,"href":"https:\/\/sskosmos.ee\/en\/wp-json\/wp\/v2\/pages\/3\/revisions"}],"predecessor-version":[{"id":870,"href":"https:\/\/sskosmos.ee\/en\/wp-json\/wp\/v2\/pages\/3\/revisions\/870"}],"up":[{"embeddable":true,"href":"https:\/\/sskosmos.ee\/en\/wp-json\/wp\/v2\/pages\/43"}],"wp:featuredmedia":[{"embeddable":true,"href":"https:\/\/sskosmos.ee\/en\/wp-json\/wp\/v2\/media\/220"}],"wp:attachment":[{"href":"https:\/\/sskosmos.ee\/en\/wp-json\/wp\/v2\/media?parent=3"}],"curies":[{"name":"wp","href":"https:\/\/api.w.org\/{rel}","templated":true}]}}