{"id":39,"date":"2025-09-25T07:29:55","date_gmt":"2025-09-25T07:29:55","guid":{"rendered":"https:\/\/sskosmos.ee\/?page_id=39"},"modified":"2025-10-02T11:42:37","modified_gmt":"2025-10-02T11:42:37","slug":"kasutustingimused","status":"publish","type":"page","link":"https:\/\/sskosmos.ee\/en\/ettevottest\/kasutustingimused\/","title":{"rendered":"Terms of Use"},"content":{"rendered":"<div class=\"wp-block-columns is-layout-flex wp-container-core-columns-is-layout-e5b7a81b wp-block-columns-is-layout-flex\" style=\"padding-top:2em;padding-right:2em;padding-bottom:2em;padding-left:2em\">\n<div class=\"wp-block-column is-layout-flow wp-block-column-is-layout-flow\"><\/div>\n\n\n\n<div class=\"wp-block-column is-layout-flow wp-block-column-is-layout-flow\" style=\"border-bottom-style:none;border-bottom-width:0px;padding-bottom:4em;flex-basis:50%\">\n<h2 class=\"wp-block-heading\">Terms of Use<\/h2>\n\n\n\n<p class=\"has-inter-font-family\" style=\"font-size:clamp(0.875em, 0.875rem + ((1vw - 0.2em) * 0.281), 1.1em);font-style:normal;font-weight:300;letter-spacing:1px;line-height:2\">Veebipoe Silvi Simberg KOSMOS sskosmos.ee (edaspidi viidatud kui Veebipood) omanik on O\u00dc Oathfeed (registrikood 16710258), asukohaga K\u00e4\u00e4rdi 4, V\u00f5iste, H\u00e4\u00e4demeeste Vald, Eesti.<\/p>\n\n\n\n<details class=\"wp-block-details toc has-inter-font-family is-layout-flow wp-container-core-details-is-layout-fe475fcd wp-block-details-is-layout-flow\" style=\"font-style:normal;font-weight:300;letter-spacing:1px;text-transform:uppercase\"><summary>M\u00fc\u00fcgilepingu kehtivus, kauba- ja hinnainfo<\/summary>\n<ul style=\"font-size:clamp(0.875em, 0.875rem + ((1vw - 0.2em) * 0.156), 1em);letter-spacing:0px;text-transform:none\" class=\"wp-block-list\">\n<li style=\"padding-top:0em;padding-bottom:0em\">M\u00fc\u00fcgitingimused kehtivad Veebipoest kaupade ostmisel. <\/li>\n\n\n\n<li style=\"padding-top:0em;padding-bottom:0em\">Veebipoes m\u00fc\u00fcdavate toodete hinnad on m\u00e4rgitud toodete juurde. Hinnale lisandub tasu kauba k\u00e4ttetoimetamise eest.<\/li>\n\n\n\n<li style=\"padding-top:0em;padding-bottom:0em\">Kauba k\u00e4ttetoimetamise tasu s\u00f5ltub ostja asukohast ning k\u00e4ttetoimetamise viisist.<\/li>\n\n\n\n<li style=\"padding-top:0em;padding-bottom:0em\">K\u00e4ttetoimetamise tasu kuvatakse ostjale tellimuse vormistamisel.<\/li>\n\n\n\n<li style=\"padding-top:0em;padding-bottom:0em\">Teave kauba kohta on esitatud Veebipoes vahetult kauba juures.<\/li>\n<\/ul>\n<\/details>\n\n\n\n<details class=\"wp-block-details toc has-inter-font-family is-layout-flow wp-container-core-details-is-layout-fe475fcd wp-block-details-is-layout-flow\" style=\"font-style:normal;font-weight:300;letter-spacing:1px;text-transform:uppercase\"><summary>Tellimuse vormistamine<\/summary>\n<ul style=\"font-size:clamp(0.875em, 0.875rem + ((1vw - 0.2em) * 0.156), 1em);letter-spacing:0px;text-transform:none\" class=\"wp-block-list\">\n<li style=\"padding-top:0em;padding-bottom:0em\">Kauba tellimiseks tuleb lisada soovitud tooted ostukorvi.<\/li>\n\n\n\n<li style=\"padding-top:0em;padding-bottom:0em\">Tellimuse vormistamiseks tuleb t\u00e4ita n\u00f5utud andmev\u00e4ljad ning valida sobiv toodete kohaletoimetamise viis.<\/li>\n\n\n\n<li style=\"padding-top:0em;padding-bottom:0em\">Seej\u00e4rel kuvatakse ekraanile tasu suurus, mille saab tasuda pangalingi kaudu v\u00f5i muu makselahenduse abil.<\/li>\n\n\n\n<li style=\"padding-top:0em;padding-bottom:0em\">Makse \u00f5nnestumisel suunatakse teid tellimuse kinnitusele viitavale lehele ning saadetakse kinnitus ka teie e-mailile. Kui kinnitust ei tule kummalgi kujul, pole makse mingil p\u00f5hjul \u00f5nnestunud. Pretensioonide korral v\u00f5i abi saamiseks kirjutada silvi@oathfeed.com <\/li>\n\n\n\n<li style=\"padding-top:0em;padding-bottom:0em\">Leping j\u00f5ustub alates tasumisele kuuluva summa laekumisest Veebipoe arvelduskontole, kuid t\u00f6\u00f6tlemisega hakatakse tegelema esimesel v\u00f5imalusel peale tellimuse teavituse saabumist.<\/li>\n\n\n\n<li style=\"padding-top:0em;padding-bottom:0em\">Kui tellitud kaupa ei ole v\u00f5imalik tarnida seoses kauba l\u00f5ppemisega v\u00f5i muul p\u00f5hjusel, teavitatakse sellest ostjat esimesel v\u00f5imalusel ning tagastatakse tasutud raha (sh kauba k\u00e4ttetoimetamise kulud) \u00fcldjuhul 1-2 t\u00f6\u00f6p\u00e4eva jooksul.<\/li>\n\n\n\n<li style=\"padding-top:0em;padding-bottom:0em\">S\u00f5ltuvalt makseviisist v\u00f5ib laekumine aega v\u00f5tta kuni 7 t\u00f6\u00f6p\u00e4eva.<\/li>\n<\/ul>\n<\/details>\n\n\n\n<details class=\"wp-block-details toc has-inter-font-family is-layout-flow wp-container-core-details-is-layout-fe475fcd wp-block-details-is-layout-flow\" style=\"font-style:normal;font-weight:300;letter-spacing:1px;text-transform:uppercase\"><summary>Pakisaatmise \u00fcksikasjad: KOHALETOIMETAMINE<\/summary>\n<ul style=\"font-size:clamp(0.875em, 0.875rem + ((1vw - 0.2em) * 0.156), 1em);letter-spacing:0px;text-transform:none\" class=\"wp-block-list\">\n<li style=\"padding-top:0em;padding-bottom:0em\">Kaupu saadetakse Eestis ja rahvusvaheliselt.<\/li>\n\n\n\n<li style=\"padding-top:0em;padding-bottom:0em\">Kauba saatmiskulud kannab ostja ning vastav hinnainfo on kuvatud saatmisviisi juures.<\/li>\n\n\n\n<li style=\"padding-top:0em;padding-bottom:0em\">M\u00fc\u00fca kasutab Eesti Posti aka Omniva teenuseid, et saata pakke v\u00e4lismaale.<\/li>\n\n\n\n<li style=\"padding-top:0em;padding-bottom:0em\">Tellimuse t\u00f6\u00f6tlemine v\u00f5ib v\u00f5tta kuni 3 t\u00f6\u00f6p\u00e4eva.<\/li>\n\n\n\n<li style=\"padding-top:0em;padding-bottom:0em\">Eestisisesed saadetised j\u00f5uavad \u00fcldjuhul ostja m\u00e4\u00e4ratud sihtpunkti 3-7 t\u00f6\u00f6p\u00e4eva jooksul alates m\u00fc\u00fcgilepingu j\u00f5ustumist. Hetkeseisuga on DPD postiautomaati kasutades k\u00f5ige kiirem t\u00f6\u00f6tlusaeg; Omniva, Smartposti v\u00f5i teistesse masinatesse postitamine lisab postit\u00f6\u00f6tlusele kuni 2 t\u00f6\u00f6p\u00e4eva. <\/li>\n\n\n\n<li style=\"padding-top:0em;padding-bottom:0em\">Euroopa piires toimub kohaletoimetamine 14 kalendrip\u00e4eva jooksul. Kaugemale, sh USA ja Aasia riigid peavad arvestama 30 kalendrip\u00e4evaga.<\/li>\n\n\n\n<li style=\"padding-top:0em;padding-bottom:0em\">Standard pakiga edastan ka j\u00e4lgimiskoodi.<\/li>\n<\/ul>\n<\/details>\n\n\n\n<details class=\"wp-block-details toc has-inter-font-family is-layout-flow wp-container-core-details-is-layout-fe475fcd wp-block-details-is-layout-flow\" style=\"font-style:normal;font-weight:300;letter-spacing:1px;text-transform:uppercase\"><summary>Garantiipoliis: Ehete kvaliteedi-garantii ja remondi reeglid<\/summary>\n<ul style=\"font-size:clamp(0.875em, 0.875rem + ((1vw - 0.2em) * 0.156), 1em);letter-spacing:0px;text-transform:none\" class=\"wp-block-list\">\n<li style=\"padding-top:0em;padding-bottom:0em\">Silvi Simberg KOSMOS disainerehetele kehtivad hinnaklassist l\u00e4htuvad garantiid:\n<ul class=\"wp-block-list\">\n<li style=\"padding-top:0em;padding-bottom:0em\">Kuni 50\u20ac toodetele kehtib 30-p\u00e4evane rahulolu-garantii, mille alusel on sul v\u00f5imalik kasutamata toode tagastada v\u00f5i \u00fcmber vahetada. <\/li>\n\n\n\n<li style=\"padding-top:0em;padding-bottom:0em\">50-199\u20ac toodetele kehtib 1-aastane kvaliteedi-garantii &#8211; k\u00e4sit\u00f6\u00f6 ja materjali defektide ilmnemisel parandan v\u00f5i vahetan v\u00e4lja toote. Kuna enamik selle hinnaklassi tooted on ainueksemplarid, saab v\u00e4lja vahetada m\u00f5ne teise toote vastu. <\/li>\n\n\n\n<li style=\"padding-top:0em;padding-bottom:0em\">200-799\u20ac toodetele kehtib 2-aastane kvaliteedi-garantii. <\/li>\n<\/ul>\n<\/li>\n\n\n\n<li style=\"padding-top:0em;padding-bottom:0em\">Metallkomponentide metallkattekihtide kulumine ja taastamine.\n<ul class=\"wp-block-list\">\n<li>Viimistluskihita <strong>roostevabast terasest<\/strong> komponendid on aegumatud. Plasma-18k-viimistlusega roostevabast terasest komponendid peavad kulumisele vastu k\u00fcmneid aastaid. Poleerimisel v\u00f5ib siiski juhtuda, et konksudele\/m\u00fctsikestele tekivad kriimud ja kulumine. Garantiikorras saab ehted remoti saata ning vahetan kulunud komponendid v\u00e4lja. <\/li>\n\n\n\n<li>Roodiumi v\u00f5i 18k kullaga viimistletud<strong> 925 h\u00f5bedast komponendid<\/strong> (925 h\u00f5bekonksudega k\u00f5rvar\u00f5ngaste kollektsioon) v\u00f5ivad vajada kihtide taastamist aasta-kahe jooksul. <br>Garantiikorras remonti saadetud k\u00f5rvar\u00f5ngastel vahetan konksud uute vastu v\u00e4lja. <br>Muidu tegelevad kattekihi taastamisega juveliirid ja kullassepad, kelle poole saab edaspidi selle murega p\u00f6\u00f6rduda. SSKOSMOS hetkel plaatimisteenust ei osuta.  <\/li>\n\n\n\n<li>Vasest, messingust, rauast jms plaaditud komponendid kuluvad s\u00f5ltuvalt materjalist ja kasutusest aasta kuni k\u00fcmne jooksul. Garantii-raames vahetan kulunud komponendid v\u00e4lja.<\/li>\n<\/ul>\n<\/li>\n\n\n\n<li style=\"padding-top:0em;padding-bottom:0em\">SSKOSMOSe helmep\u00f5hised disainid koosnevad mineraalidest, poolv\u00e4\u00e4riskividest, klaasist ja teistest tehismaterjalidest, mille olen iga toote puhul v\u00f5imalikult ausalt v\u00e4lja toonud. Helmeste identifitseerimisel kasutan geoloogilisi printsiipe ja laiemat turutarkust. \n<ul class=\"wp-block-list\">\n<li style=\"padding-top:0em;padding-bottom:0em\">Kasutusel selgudes, et m\u00f5ni materjal pole p\u00e4ris see, millena seda reklaamisin, on garantii-korras v\u00f5imalik toode tagastada v\u00f5i v\u00e4lja vahetada.<\/li>\n\n\n\n<li>Helmeste purunemisel garantii-aja raames v\u00f5tan ehte remonti ja asendan purunenud komponendid. <\/li>\n\n\n\n<li style=\"padding-top:0em;padding-bottom:0em\">V\u00e4rvitud ja laikud helmeste v\u00e4rvilekke puhul kutsun toote garantiikorras remonti ning vahetan komponendid v\u00e4lja. Soovi korral saad ka ehte v\u00e4lja vahetada. See h\u00f5lmab v\u00e4rvitud ja metallviimistletud Miyuki-klaashelmeid ning v\u00e4rvt\u00f6\u00f6deldud kivihelmeid.<\/li>\n<\/ul>\n<\/li>\n\n\n\n<li style=\"padding-top:0em;padding-bottom:0em\">N\u00f6\u00f6ride ja kummide purunemisel lepime remondi kokku ja parandan \u00e4ra &#8211; enamike toodete puhul on sellisel juhul v\u00f5imalik ka kaduma lipsanud helmeid asendada. <\/li>\n\n\n\n<li style=\"padding-top:0em;padding-bottom:0em\">Ehete remondiks lepi t\u00f6\u00f6 minuga kokku silvisimberg@outlook.com v\u00f5i kontaktvormi teel.<\/li>\n\n\n\n<li style=\"padding-top:0em;padding-bottom:0em\">Pakenda remonti saadetav toode n\u00f5nda, et ta teel minuni veel rohkem viga ei saaks.<\/li>\n\n\n\n<li>Pakiautomaate kasutades katan remondi-garantiiga seonduvad tasud 100%.<\/li>\n\n\n\n<li style=\"padding-top:0em;padding-bottom:0em\">Arvesta garantiiremondi ajaks n\u00e4dal-kaks. <\/li>\n<\/ul>\n<\/details>\n\n\n\n<details class=\"wp-block-details toc has-inter-font-family is-layout-flow wp-container-core-details-is-layout-fe475fcd wp-block-details-is-layout-flow\" style=\"font-style:normal;font-weight:300;letter-spacing:1px;text-transform:uppercase\"><summary>Tagastuspoliis: Taganemis\u00f5igus tehingust<\/summary>\n<ul style=\"font-size:clamp(0.875em, 0.875rem + ((1vw - 0.2em) * 0.156), 1em);letter-spacing:0px;text-transform:none\" class=\"wp-block-list\">\n<li style=\"padding-top:0em;padding-bottom:0em\"><strong>P\u00e4rast tellimuse k\u00e4ttesaamist on ostjal \u00f5igus e-poes s\u00f5lmitud lepingust taganeda 14 p\u00e4eva jooksul.<\/strong> Taganemis\u00f5igus ei kohaldu, kui ostjaks on juriidiline isik.<\/li>\n\n\n\n<li style=\"padding-top:0em;padding-bottom:0em\">14-p\u00e4evase tagastamis\u00f5iguse kasutamiseks ei tohi tellitud kaupa kasutada muul viisil kui on vajalik kauba olemuses, omadustes ja toimimises veendumiseks viisil nagu see on lubatud kauba testimiseks f\u00fc\u00fcsilises poes. Kui kaupa on kasutatud muuks otstarbeks kui on vajalik kauba olemuses, omadustes ja toimimises veendumiseks v\u00f5i sellel on kasutamise v\u00f5i kulumise m\u00e4rke, on Veebipoel \u00f5igus alandada tagastatavat tasu vastavalt kauba v\u00e4\u00e4rtuse v\u00e4henemisele.<\/li>\n\n\n\n<li style=\"padding-top:0em;padding-bottom:0em\">Kauba tagastamiseks tuleb esitada kauba ostmisest taganemise avaldus vabas vormis aadressile&nbsp;<a href=\"mailto:silvi@oathfeed.com\">silvi@oathfeed.com<\/a>&nbsp;hiljemalt 14 p\u00e4eva jooksul kauba k\u00e4ttesaamisest.<\/li>\n\n\n\n<li style=\"padding-top:0em;padding-bottom:0em\">Kauba tagastamise kulud kannab ostja, v\u00e4lja arvatud juhul, kui tagastamise p\u00f5hjus seisneb asjaolus, et tagastamisele kuuluv asi ei vasta tellitule (nt vale v\u00f5i defektiga kaup).<\/li>\n\n\n\n<li style=\"padding-top:0em;padding-bottom:0em\">Ostja peab kauba tagastama avalduse esitamisele j\u00e4rgneva 14 p\u00e4eva jooksul v\u00f5i esitama t\u00f5endi, et ta on eelnimetatud perioodi jooksul kauba \u00fcle andnud kauba vedajale.<\/li>\n\n\n\n<li style=\"padding-top:0em;padding-bottom:0em\">Veebipood tagastab tagastatava kauba k\u00e4ttesaamisel ostjale mitte hiljem kui 14 p\u00e4eva m\u00f6\u00f6dumisel arvates taganemisavalduse saamisest, k\u00f5ik ostjalt lepingu alusel saadud tasud.<\/li>\n\n\n\n<li style=\"padding-top:0em;padding-bottom:0em\">Veebipood v\u00f5ib keelduda tagasimaksete tegemisest seni, kuni on lepingu esemeks oleva asja tagasi saanud v\u00f5i kuni ostja on esitanud t\u00f5endid, et on asja tagasi saatnud, s\u00f5ltuvalt sellest, kumb toimub varem.<\/li>\n<\/ul>\n<\/details>\n\n\n\n<details class=\"wp-block-details toc has-inter-font-family is-layout-flow wp-container-core-details-is-layout-fe475fcd wp-block-details-is-layout-flow\" style=\"font-style:normal;font-weight:300;letter-spacing:1px;text-transform:uppercase\"><summary>Pretensiooni esitamise \u00f5igus<\/summary>\n<ul style=\"font-size:clamp(0.875em, 0.875rem + ((1vw - 0.2em) * 0.156), 1em);letter-spacing:0px;text-transform:none\" class=\"wp-block-list\">\n<li style=\"padding-top:0em;padding-bottom:0em\">Veebipood vastutab ostjale m\u00fc\u00fcdud kauba lepingutingimustele mittevastavuse v\u00f5i puuduse eest, mis oli olemas juba asja \u00fcleandmise hetkel ning mis ilmneb kuni kahe aasta jooksul, alates kauba \u00fcleandmisest ostjale.<\/li>\n\n\n\n<li style=\"padding-top:0em;padding-bottom:0em\">Sellest esimese aasta jooksul asja \u00fcleandmisest ostjale eeldatakse, et puudus oli olemas juba asja \u00fcleandmise ajal.<\/li>\n\n\n\n<li style=\"padding-top:0em;padding-bottom:0em\">Vastava eelduse \u00fcmberl\u00fckkamine on Veebipoe kohustus.<\/li>\n\n\n\n<li style=\"padding-top:0em;padding-bottom:0em\">Ostjal on \u00f5igus puuduse ilmnemisel p\u00f6\u00f6rduda hiljemalt kahe kuu jooksul veebipoe poole, saates e-kirja aadressile&nbsp;<a href=\"mailto:silvi@oathfeed.com\">silvisimberg@outlook.com<\/a>&nbsp;v\u00f5i helistada telefonil: +37256948481.<\/li>\n\n\n\n<li style=\"padding-top:0em;padding-bottom:0em\">Veebipood ei vastuta puuduste eest, mis on tekkinud p\u00e4rast kauba \u00fcleandmist tarbija tegevuse v\u00f5i tegevusetuse t\u00f5ttu (vale kasutusviis, \u00f5nnetusjuhtum vms) v\u00f5i kui tegemist on asja tavap\u00e4rasest kasutamisest tingitud normaalse kulumisega.<\/li>\n\n\n\n<li style=\"padding-top:0em;padding-bottom:0em\">Kui Veebipoest ostetud kaubal on puudused, mille eest Veebipood vastutab, parandab v\u00f5i asendab Veebipood puudusega kauba.<\/li>\n\n\n\n<li style=\"padding-top:0em;padding-bottom:0em\">Kui kaupa ei ole v\u00f5imalik parandada ega asendada, tagastab Veebipood ostjale k\u00f5ik m\u00fc\u00fcgilepinguga kaasnenud tasud.<\/li>\n\n\n\n<li style=\"padding-top:0em;padding-bottom:0em\">Veebipood vastab tarbija esitatud kaebusele kirjalikult v\u00f5i kirjalikku taasesitamist v\u00f5imaldavas vormis 15 p\u00e4eva jooksul.<\/li>\n<\/ul>\n<\/details>\n\n\n\n<details class=\"wp-block-details toc has-inter-font-family is-layout-flow wp-container-core-details-is-layout-fe475fcd wp-block-details-is-layout-flow\" style=\"font-style:normal;font-weight:300;letter-spacing:1px;text-transform:uppercase\"><summary>Vaidluste lahendamine<\/summary>\n<ul style=\"font-size:clamp(0.875em, 0.875rem + ((1vw - 0.2em) * 0.156), 1em);letter-spacing:0px;text-transform:none\" class=\"wp-block-list\">\n<li style=\"padding-top:0em;padding-bottom:0em\">Kui ostjal on Veebipoe osas pretensioone, tuleb need saata e-kirja aadressile&nbsp;<a href=\"mailto:silvi@oathfeed.com\">silvi@oathfeed.com<\/a>&nbsp;v\u00f5i helistada telefonil: +37256948481.<\/li>\n\n\n\n<li style=\"padding-top:0em;padding-bottom:0em\">Kui ostja ja Veebipood ei suuda lahenda vaidlust kokkuleppe teel, siis on ostjal v\u00f5imalik p\u00f6\u00f6rduda Tarbijavaidluste komisjoni poole.<\/li>\n\n\n\n<li style=\"padding-top:0em;padding-bottom:0em\">Menetlustingimustega saab tutvuda ning avaldust esitada siin:&nbsp;<a href=\"https:\/\/ttja.ee\/tarbijavaidluste-komisjon\" target=\"_blank\" rel=\"noreferrer noopener\">https:\/\/ttja.ee\/tarbijavaidluste-komisjon<\/a><\/li>\n\n\n\n<li style=\"padding-top:0em;padding-bottom:0em\">Tarbijavaidluste komisjoni p\u00e4devuses on lahendada ostja ja Veebipoe vahel s\u00f5lmitud lepingust tulenevaid vaidlusi.<\/li>\n\n\n\n<li style=\"padding-top:0em;padding-bottom:0em\">Ostja kaebuse l\u00e4bivaatamine komisjonis on tasuta.<\/li>\n\n\n\n<li style=\"padding-top:0em;padding-bottom:0em\">Ostja v\u00f5ib p\u00f6\u00f6rduda Euroopa Liidu tarbijavaidlusi lahendava platvormi poole&nbsp;<a href=\"https:\/\/ec.europa.eu\/consumers\/odr\/main\/index.cfm?event=main.home2.show&amp;lng=ET\" target=\"_blank\" rel=\"noreferrer noopener\">https:\/\/ec.europa.eu\/consumers\/odr\/main\/index.cfm?event=main.home2.show&amp;lng=ET<\/a><\/li>\n<\/ul>\n<\/details>\n<\/div>\n\n\n\n<div class=\"wp-block-column is-layout-flow wp-block-column-is-layout-flow\"><\/div>\n<\/div>","protected":false},"excerpt":{"rendered":"<p>Kasutustingimused Veebipoe Silvi Simberg KOSMOS sskosmos.ee (edaspidi viidatud kui Veebipood) omanik on O\u00dc Oathfeed (registrikood 16710258), asukohaga K\u00e4\u00e4rdi 4, V\u00f5iste, H\u00e4\u00e4demeeste Vald, Eesti.<\/p>","protected":false},"author":1,"featured_media":220,"parent":43,"menu_order":0,"comment_status":"closed","ping_status":"closed","template":"","meta":{"footnotes":""},"class_list":["post-39","page","type-page","status-publish","has-post-thumbnail","hentry"],"jetpack_sharing_enabled":true,"_links":{"self":[{"href":"https:\/\/sskosmos.ee\/en\/wp-json\/wp\/v2\/pages\/39","targetHints":{"allow":["GET"]}}],"collection":[{"href":"https:\/\/sskosmos.ee\/en\/wp-json\/wp\/v2\/pages"}],"about":[{"href":"https:\/\/sskosmos.ee\/en\/wp-json\/wp\/v2\/types\/page"}],"author":[{"embeddable":true,"href":"https:\/\/sskosmos.ee\/en\/wp-json\/wp\/v2\/users\/1"}],"replies":[{"embeddable":true,"href":"https:\/\/sskosmos.ee\/en\/wp-json\/wp\/v2\/comments?post=39"}],"version-history":[{"count":6,"href":"https:\/\/sskosmos.ee\/en\/wp-json\/wp\/v2\/pages\/39\/revisions"}],"predecessor-version":[{"id":869,"href":"https:\/\/sskosmos.ee\/en\/wp-json\/wp\/v2\/pages\/39\/revisions\/869"}],"up":[{"embeddable":true,"href":"https:\/\/sskosmos.ee\/en\/wp-json\/wp\/v2\/pages\/43"}],"wp:featuredmedia":[{"embeddable":true,"href":"https:\/\/sskosmos.ee\/en\/wp-json\/wp\/v2\/media\/220"}],"wp:attachment":[{"href":"https:\/\/sskosmos.ee\/en\/wp-json\/wp\/v2\/media?parent=39"}],"curies":[{"name":"wp","href":"https:\/\/api.w.org\/{rel}","templated":true}]}}