{"id":43,"date":"2025-09-24T10:24:56","date_gmt":"2025-09-24T10:24:56","guid":{"rendered":"https:\/\/sskosmos.ee\/meist\/"},"modified":"2025-11-07T10:49:25","modified_gmt":"2025-11-07T10:49:25","slug":"ettevottest","status":"publish","type":"page","link":"https:\/\/sskosmos.ee\/en\/ettevottest\/","title":{"rendered":"About the Business"},"content":{"rendered":"<div class=\"wp-block-columns alignfull is-layout-flex wp-container-core-columns-is-layout-50fa3613 wp-block-columns-is-layout-flex\" style=\"border-bottom-color:var(--wp--preset--color--accent-1);border-bottom-width:1px;padding-right:var(--wp--preset--spacing--40);padding-left:var(--wp--preset--spacing--40)\">\n<div class=\"wp-block-column is-vertically-aligned-center is-layout-flow wp-block-column-is-layout-flow\" style=\"border-bottom-style:none;border-bottom-width:0px;padding-top:3em;padding-bottom:3em\" id=\"company-information\">\n<p class=\"has-text-align-center has-inter-font-family\" style=\"font-size:clamp(0.875em, 0.875rem + ((1vw - 0.2em) * 0.531), 1.3em);font-style:normal;font-weight:300;letter-spacing:1px\">Oathfeed O\u00dc<\/p>\n\n\n\n<p class=\"has-text-align-center has-inter-font-family\" style=\"font-size:clamp(0.875em, 0.875rem + ((1vw - 0.2em) * 0.156), 1em);font-style:normal;font-weight:300\">Register: <a href=\"https:\/\/ariregister.rik.ee\/est\/company\/16710258\" target=\"_blank\" rel=\"noreferrer noopener\">16710258<\/a><\/p>\n<\/div>\n\n\n\n<div class=\"wp-block-column is-vertically-aligned-top is-layout-flow wp-block-column-is-layout-flow\" style=\"border-bottom-style:none;border-bottom-width:0px;padding-top:3em;padding-bottom:3em\">\n<h2 class=\"wp-block-heading has-text-align-center has-inter-font-family\" style=\"padding-top:0em;padding-bottom:1em;font-size:0.6em;font-style:normal;font-weight:300;letter-spacing:4px;text-transform:uppercase\">AAdress<\/h2>\n\n\n\n<p class=\"has-text-align-center has-inter-font-family\" style=\"font-size:0.85em;font-style:normal;font-weight:300;letter-spacing:1px\">K\u00e4\u00e4rdi tn 4 V\u00f5iste alevik, <br>H\u00e4\u00e4demeeste vald <br>P\u00e4rnu maakond 86501, <br>Eesti Vabariik<\/p>\n<\/div>\n\n\n\n<div class=\"wp-block-column is-vertically-aligned-top is-layout-flow wp-block-column-is-layout-flow\" style=\"border-bottom-style:none;border-bottom-width:0px;padding-top:3em;padding-bottom:3em\" id=\"contact-information\">\n<h2 class=\"wp-block-heading has-text-align-center has-inter-font-family\" style=\"padding-top:0em;padding-bottom:1em;font-size:0.6em;font-style:normal;font-weight:300;letter-spacing:4px;text-transform:uppercase\">KontaKt<\/h2>\n\n\n\n<p class=\"has-text-align-center has-inter-font-family\" style=\"font-size:0.85em;font-style:normal;font-weight:300;letter-spacing:1px\">Silvi Simberg | <strong><a href=\"https:\/\/twitter.com\/ishirubi\" target=\"_blank\" rel=\"noreferrer noopener\">x.com\/ishirubi<\/a><\/strong><br>+372 5694 8481 | silvisimberg@outlook.com<\/p>\n<\/div>\n\n\n\n<div class=\"wp-block-column is-vertically-aligned-top is-layout-flow wp-block-column-is-layout-flow\" style=\"border-bottom-style:none;border-bottom-width:0px;padding-top:3em;padding-bottom:3em\" id=\"banking-information\">\n<h2 class=\"wp-block-heading has-text-align-center has-inter-font-family\" style=\"padding-top:0em;padding-bottom:1em;font-size:0.6em;font-style:normal;font-weight:300;letter-spacing:4px;text-transform:uppercase\">Pank<\/h2>\n\n\n\n<p class=\"has-text-align-center has-inter-font-family\" style=\"font-size:0.85em;font-style:normal;font-weight:300;letter-spacing:2px\">LHV IBAN: <br><strong>EE657700771009046475<\/strong><br>BIC\/SWIFT: <br><strong>LHVBEE22<\/strong><\/p>\n<\/div>\n<\/div>\n\n\n\n<div class=\"wp-block-columns alignfull are-vertically-aligned-center is-layout-flex wp-container-core-columns-is-layout-2c907afd wp-block-columns-is-layout-flex\" style=\"margin-top:0;margin-bottom:0;padding-top:var(--wp--preset--spacing--30);padding-right:var(--wp--preset--spacing--40);padding-bottom:var(--wp--preset--spacing--30);padding-left:var(--wp--preset--spacing--40)\">\n<div class=\"wp-block-column is-vertically-aligned-center is-layout-flow wp-block-column-is-layout-flow\" style=\"flex-basis:20%\"><\/div>\n\n\n\n<div class=\"wp-block-column is-vertically-aligned-center is-layout-flow wp-block-column-is-layout-flow\" style=\"flex-basis:30%\">\n<p>Oathfeed O\u00dc registrinumbriga 16710258 on 2023 Silvi Simbergi asutatud ja registreeritud ettev\u00f5te Eesti Vabariigis, Euroopa Liidus. <\/p>\n\n\n\n<p>S. S. KOSMOS ja Kosmos on br\u00e4nd, mille alla kuulub Silvi poneroloogia\/ps\u00fc\u00fche m\u00e4rkmik\/kirjad ja poolv\u00e4\u00e4riskividega k\u00e4sit\u00f6\u00f6ehete kollektsioonid. \u00dchest k\u00fcljest on S. S. nagu <em>Star Ship <\/em>v\u00f5i <em>Sailing Ship <\/em>&#8211; kosmosesse kohaldatud merer\u00f6\u00f6vli motiivid k\u00e4ivad asjaga kaasa; Teisest k\u00fcljest pidas algup\u00e4raselt autor &#8220;SS&#8221; all silmas oma nime initisaale. <\/p>\n\n\n\n<p>SS KOSMOS sildjuveel on ajatu ja robustne esteetika, mis v\u00f5iks osaleda teie enda aksessuaariarsenalis v\u00f5i kingituseks kallimale v\u00f5i s\u00f5brale. Ehteid saab tellida sskosmose <a href=\"http:\/\/sskosmos.ee\/en\/butiik\/\">Butiigi<\/a> kaudu pakiautomaati, vajadusel ka v\u00e4lismaale. <\/p>\n\n\n\n<p>Kivihuvilisena pakun ka m\u00f5ningaid haruldasemaid isendeid k\u00f5rvar\u00f5ngaste, k\u00e4ev\u00f5rude, kaelakeede ja palvehelmeste kujul. Kivide tuvastamisel kasutan abiliseks peamiselt <a href=\"https:\/\/www.mineralab.com\/SchumannGem\/\" target=\"_blank\" rel=\"noopener\">Walter Schumanni &#8220;Gemstones of the World&#8221;<\/a> teadmikku.<\/p>\n\n\n\n<p>Ehteid koostan oma kodustuudios ja eelviimistletud komponente hangin virtuaalselt maailmaturult.<\/p>\n\n\n\n<p>Oma poneroloogia- ja riskiteemaliste uurimiste osas <a href=\"http:\/\/sskosmos.ee\/en\/kirjad\/\">kirjutan<\/a> blogisse ja p\u00f5him\u00f5tteliselt j\u00e4tan blogi maksum\u00fc\u00fcrita, sest usun, et sellise hea informatsiooni olemasolu Eesti keeles on hetkel vajaka. <\/p>\n<\/div>\n\n\n\n<div class=\"wp-block-column is-vertically-aligned-center is-layout-flow wp-block-column-is-layout-flow\" style=\"flex-basis:30%\">\n<figure class=\"wp-block-image aligncenter size-full\"><img data-recalc-dims=\"1\" loading=\"lazy\" decoding=\"async\" width=\"600\" height=\"600\" src=\"https:\/\/i0.wp.com\/sskosmos.ee\/wp-content\/uploads\/2025\/11\/Silvi-Simberg-2025-Fall-Straw-Hat-Blue_background.webp?resize=600%2C600&#038;ssl=1\" alt=\"Silvi Simberg 2025 \u00d5lek\u00f5rrekaabus\" class=\"wp-image-2797\" srcset=\"https:\/\/i0.wp.com\/sskosmos.ee\/wp-content\/uploads\/2025\/11\/Silvi-Simberg-2025-Fall-Straw-Hat-Blue_background.webp?w=600&amp;ssl=1 600w, https:\/\/i0.wp.com\/sskosmos.ee\/wp-content\/uploads\/2025\/11\/Silvi-Simberg-2025-Fall-Straw-Hat-Blue_background.webp?resize=300%2C300&amp;ssl=1 300w, https:\/\/i0.wp.com\/sskosmos.ee\/wp-content\/uploads\/2025\/11\/Silvi-Simberg-2025-Fall-Straw-Hat-Blue_background.webp?resize=150%2C150&amp;ssl=1 150w, https:\/\/i0.wp.com\/sskosmos.ee\/wp-content\/uploads\/2025\/11\/Silvi-Simberg-2025-Fall-Straw-Hat-Blue_background.webp?resize=100%2C100&amp;ssl=1 100w\" sizes=\"auto, (max-width: 600px) 100vw, 600px\" \/><figcaption class=\"wp-element-caption\">Silvi Simberg 2025 \u00d5lek\u00f5rrekaabus<\/figcaption><\/figure>\n<\/div>\n\n\n\n<div class=\"wp-block-column is-vertically-aligned-center is-layout-flow wp-block-column-is-layout-flow\" style=\"flex-basis:20%\"><\/div>\n<\/div>\n\n\n\n<div class=\"wp-block-columns is-layout-flex wp-container-core-columns-is-layout-9785b73a wp-block-columns-is-layout-flex\" style=\"margin-top:var(--wp--preset--spacing--20);margin-bottom:var(--wp--preset--spacing--20);padding-top:0;padding-right:var(--wp--preset--spacing--20);padding-bottom:0;padding-left:var(--wp--preset--spacing--20)\">\n<div class=\"wp-block-column is-layout-flow wp-block-column-is-layout-flow\" style=\"flex-basis:20%\"><\/div>\n\n\n\n<div class=\"wp-block-column is-layout-flow wp-block-column-is-layout-flow\">\n<figure class=\"wp-block-image aligncenter size-large\" style=\"margin-top:0;margin-right:var(--wp--preset--spacing--20);margin-bottom:0;margin-left:var(--wp--preset--spacing--20)\"><img data-recalc-dims=\"1\" loading=\"lazy\" decoding=\"async\" width=\"1024\" height=\"577\" src=\"https:\/\/i0.wp.com\/sskosmos.ee\/wp-content\/uploads\/2025\/09\/DSC05789.jpg?resize=1024%2C577&#038;ssl=1\" alt=\"\" class=\"wp-image-419\" srcset=\"https:\/\/i0.wp.com\/sskosmos.ee\/wp-content\/uploads\/2025\/09\/DSC05789-scaled.jpg?resize=1024%2C577&amp;ssl=1 1024w, https:\/\/i0.wp.com\/sskosmos.ee\/wp-content\/uploads\/2025\/09\/DSC05789-scaled.jpg?resize=300%2C169&amp;ssl=1 300w, https:\/\/i0.wp.com\/sskosmos.ee\/wp-content\/uploads\/2025\/09\/DSC05789-scaled.jpg?resize=768%2C433&amp;ssl=1 768w, https:\/\/i0.wp.com\/sskosmos.ee\/wp-content\/uploads\/2025\/09\/DSC05789-scaled.jpg?resize=1536%2C866&amp;ssl=1 1536w, https:\/\/i0.wp.com\/sskosmos.ee\/wp-content\/uploads\/2025\/09\/DSC05789-scaled.jpg?resize=2048%2C1154&amp;ssl=1 2048w, https:\/\/i0.wp.com\/sskosmos.ee\/wp-content\/uploads\/2025\/09\/DSC05789-scaled.jpg?resize=600%2C338&amp;ssl=1 600w\" sizes=\"auto, (max-width: 1000px) 100vw, 1000px\" \/><\/figure>\n<\/div>\n\n\n\n<div class=\"wp-block-column is-layout-flow wp-block-column-is-layout-flow\" style=\"flex-basis:20%\"><\/div>\n<\/div>\n\n\n\n<div class=\"wp-block-columns is-layout-flex wp-container-core-columns-is-layout-9785b73a wp-block-columns-is-layout-flex\" style=\"margin-top:var(--wp--preset--spacing--20);margin-bottom:var(--wp--preset--spacing--20);padding-top:0;padding-right:var(--wp--preset--spacing--20);padding-bottom:0;padding-left:var(--wp--preset--spacing--20)\">\n<div class=\"wp-block-column is-layout-flow wp-block-column-is-layout-flow\" style=\"flex-basis:20%\"><\/div>\n\n\n\n<div class=\"wp-block-column is-layout-flow wp-block-column-is-layout-flow\">\n<figure class=\"wp-block-image size-large\"><img data-recalc-dims=\"1\" loading=\"lazy\" decoding=\"async\" width=\"768\" height=\"1024\" src=\"https:\/\/i0.wp.com\/sskosmos.ee\/wp-content\/uploads\/2025\/09\/working-desk-2-earrings-768x1024.jpg?resize=768%2C1024&#038;ssl=1\" alt=\"\" class=\"wp-image-418\" srcset=\"https:\/\/i0.wp.com\/sskosmos.ee\/wp-content\/uploads\/2025\/09\/working-desk-2-earrings.jpg?resize=768%2C1024&amp;ssl=1 768w, https:\/\/i0.wp.com\/sskosmos.ee\/wp-content\/uploads\/2025\/09\/working-desk-2-earrings.jpg?resize=225%2C300&amp;ssl=1 225w, https:\/\/i0.wp.com\/sskosmos.ee\/wp-content\/uploads\/2025\/09\/working-desk-2-earrings.jpg?resize=1152%2C1536&amp;ssl=1 1152w, https:\/\/i0.wp.com\/sskosmos.ee\/wp-content\/uploads\/2025\/09\/working-desk-2-earrings.jpg?resize=600%2C800&amp;ssl=1 600w, https:\/\/i0.wp.com\/sskosmos.ee\/wp-content\/uploads\/2025\/09\/working-desk-2-earrings.jpg?w=1536&amp;ssl=1 1536w\" sizes=\"auto, (max-width: 768px) 100vw, 768px\" \/><\/figure>\n<\/div>\n\n\n\n<div class=\"wp-block-column is-layout-flow wp-block-column-is-layout-flow\">\n<figure class=\"wp-block-image size-large\"><img data-recalc-dims=\"1\" loading=\"lazy\" decoding=\"async\" width=\"1024\" height=\"1024\" src=\"https:\/\/i0.wp.com\/sskosmos.ee\/wp-content\/uploads\/2025\/10\/Silvi-Simberg-Kosmos-Ploom-Kaltsedoon-Helmed-Kasitoo-Ehted-Poolvaariskivi.jpg?resize=1024%2C1024&#038;ssl=1\" alt=\"Silvi Simberg Kosmos Ploom Kaltsedoon Helmed K\u00e4sit\u00f6\u00f6 Ehted Poolv\u00e4\u00e4riskivi\" class=\"wp-image-2233\" srcset=\"https:\/\/i0.wp.com\/sskosmos.ee\/wp-content\/uploads\/2025\/10\/Silvi-Simberg-Kosmos-Ploom-Kaltsedoon-Helmed-Kasitoo-Ehted-Poolvaariskivi.jpg?resize=1024%2C1024&amp;ssl=1 1024w, https:\/\/i0.wp.com\/sskosmos.ee\/wp-content\/uploads\/2025\/10\/Silvi-Simberg-Kosmos-Ploom-Kaltsedoon-Helmed-Kasitoo-Ehted-Poolvaariskivi.jpg?resize=300%2C300&amp;ssl=1 300w, https:\/\/i0.wp.com\/sskosmos.ee\/wp-content\/uploads\/2025\/10\/Silvi-Simberg-Kosmos-Ploom-Kaltsedoon-Helmed-Kasitoo-Ehted-Poolvaariskivi.jpg?resize=150%2C150&amp;ssl=1 150w, https:\/\/i0.wp.com\/sskosmos.ee\/wp-content\/uploads\/2025\/10\/Silvi-Simberg-Kosmos-Ploom-Kaltsedoon-Helmed-Kasitoo-Ehted-Poolvaariskivi.jpg?resize=768%2C768&amp;ssl=1 768w, https:\/\/i0.wp.com\/sskosmos.ee\/wp-content\/uploads\/2025\/10\/Silvi-Simberg-Kosmos-Ploom-Kaltsedoon-Helmed-Kasitoo-Ehted-Poolvaariskivi.jpg?resize=1536%2C1536&amp;ssl=1 1536w, https:\/\/i0.wp.com\/sskosmos.ee\/wp-content\/uploads\/2025\/10\/Silvi-Simberg-Kosmos-Ploom-Kaltsedoon-Helmed-Kasitoo-Ehted-Poolvaariskivi.jpg?resize=600%2C600&amp;ssl=1 600w, https:\/\/i0.wp.com\/sskosmos.ee\/wp-content\/uploads\/2025\/10\/Silvi-Simberg-Kosmos-Ploom-Kaltsedoon-Helmed-Kasitoo-Ehted-Poolvaariskivi.jpg?resize=100%2C100&amp;ssl=1 100w, https:\/\/i0.wp.com\/sskosmos.ee\/wp-content\/uploads\/2025\/10\/Silvi-Simberg-Kosmos-Ploom-Kaltsedoon-Helmed-Kasitoo-Ehted-Poolvaariskivi.jpg?w=1944&amp;ssl=1 1944w\" sizes=\"auto, (max-width: 1000px) 100vw, 1000px\" \/><\/figure>\n<\/div>\n\n\n\n<div class=\"wp-block-column is-layout-flow wp-block-column-is-layout-flow\">\n<figure class=\"wp-block-image size-large\"><img data-recalc-dims=\"1\" loading=\"lazy\" decoding=\"async\" width=\"690\" height=\"1024\" src=\"https:\/\/i0.wp.com\/sskosmos.ee\/wp-content\/uploads\/2025\/10\/Silvi-Simberg-Kosmos-Tahesepa-Udukogu-Labori-Vikeropaal-Korvarongad-Poolvaariskivi-Kasitoo-Ehted-690x1024.jpg?resize=690%2C1024&#038;ssl=1\" alt=\"Silvi Simberg Kosmos T\u00e4hesepa Udukogu Labori Vikeropaal K\u00f5rvar\u00f5ngad Poolv\u00e4\u00e4riskivi K\u00e4sit\u00f6\u00f6 Ehted\" class=\"wp-image-2232\" srcset=\"https:\/\/i0.wp.com\/sskosmos.ee\/wp-content\/uploads\/2025\/10\/Silvi-Simberg-Kosmos-Tahesepa-Udukogu-Labori-Vikeropaal-Korvarongad-Poolvaariskivi-Kasitoo-Ehted.jpg?resize=690%2C1024&amp;ssl=1 690w, https:\/\/i0.wp.com\/sskosmos.ee\/wp-content\/uploads\/2025\/10\/Silvi-Simberg-Kosmos-Tahesepa-Udukogu-Labori-Vikeropaal-Korvarongad-Poolvaariskivi-Kasitoo-Ehted.jpg?resize=202%2C300&amp;ssl=1 202w, https:\/\/i0.wp.com\/sskosmos.ee\/wp-content\/uploads\/2025\/10\/Silvi-Simberg-Kosmos-Tahesepa-Udukogu-Labori-Vikeropaal-Korvarongad-Poolvaariskivi-Kasitoo-Ehted.jpg?resize=768%2C1140&amp;ssl=1 768w, https:\/\/i0.wp.com\/sskosmos.ee\/wp-content\/uploads\/2025\/10\/Silvi-Simberg-Kosmos-Tahesepa-Udukogu-Labori-Vikeropaal-Korvarongad-Poolvaariskivi-Kasitoo-Ehted.jpg?resize=600%2C891&amp;ssl=1 600w, https:\/\/i0.wp.com\/sskosmos.ee\/wp-content\/uploads\/2025\/10\/Silvi-Simberg-Kosmos-Tahesepa-Udukogu-Labori-Vikeropaal-Korvarongad-Poolvaariskivi-Kasitoo-Ehted.jpg?w=800&amp;ssl=1 800w\" sizes=\"auto, (max-width: 690px) 100vw, 690px\" \/><\/figure>\n<\/div>\n\n\n\n<div class=\"wp-block-column is-layout-flow wp-block-column-is-layout-flow\" style=\"flex-basis:20%\"><\/div>\n<\/div>","protected":false},"excerpt":{"rendered":"<p>Oathfeed O\u00dc Register: 16710258 AAdress K\u00e4\u00e4rdi tn 4 V\u00f5iste alevik, H\u00e4\u00e4demeeste vald P\u00e4rnu maakond 86501, Eesti Vabariik KontaKt Silvi Simberg | x.com\/ishirubi+372 5694 8481 | silvisimberg@outlook.com Pank LHV IBAN: EE657700771009046475BIC\/SWIFT: LHVBEE22 Oathfeed O\u00dc registrinumbriga 16710258 on 2023 Silvi Simbergi asutatud ja registreeritud ettev\u00f5te Eesti Vabariigis, Euroopa Liidus. S. S. KOSMOS ja Kosmos on br\u00e4nd, mille [&hellip;]<\/p>\n","protected":false},"author":1,"featured_media":220,"parent":0,"menu_order":5,"comment_status":"closed","ping_status":"closed","template":"","meta":{"footnotes":""},"class_list":["post-43","page","type-page","status-publish","has-post-thumbnail","hentry"],"jetpack_sharing_enabled":true,"_links":{"self":[{"href":"https:\/\/sskosmos.ee\/en\/wp-json\/wp\/v2\/pages\/43","targetHints":{"allow":["GET"]}}],"collection":[{"href":"https:\/\/sskosmos.ee\/en\/wp-json\/wp\/v2\/pages"}],"about":[{"href":"https:\/\/sskosmos.ee\/en\/wp-json\/wp\/v2\/types\/page"}],"author":[{"embeddable":true,"href":"https:\/\/sskosmos.ee\/en\/wp-json\/wp\/v2\/users\/1"}],"replies":[{"embeddable":true,"href":"https:\/\/sskosmos.ee\/en\/wp-json\/wp\/v2\/comments?post=43"}],"version-history":[{"count":20,"href":"https:\/\/sskosmos.ee\/en\/wp-json\/wp\/v2\/pages\/43\/revisions"}],"predecessor-version":[{"id":2802,"href":"https:\/\/sskosmos.ee\/en\/wp-json\/wp\/v2\/pages\/43\/revisions\/2802"}],"wp:featuredmedia":[{"embeddable":true,"href":"https:\/\/sskosmos.ee\/en\/wp-json\/wp\/v2\/media\/220"}],"wp:attachment":[{"href":"https:\/\/sskosmos.ee\/en\/wp-json\/wp\/v2\/media?parent=43"}],"curies":[{"name":"wp","href":"https:\/\/api.w.org\/{rel}","templated":true}]}}