{"id":2045,"date":"2025-10-08T19:46:14","date_gmt":"2025-10-08T19:46:14","guid":{"rendered":"https:\/\/sskosmos.ee\/butiik\/apatiit-korvarongad-urghiie-koi-kalapaar-aineseannu-haldjad\/"},"modified":"2025-10-09T09:16:01","modified_gmt":"2025-10-09T09:16:01","slug":"apatiit-korvarongad-urghiie-koi-kala","status":"publish","type":"product","link":"https:\/\/sskosmos.ee\/en\/butiik\/apatiit-korvarongad-urghiie-koi-kala\/","title":{"rendered":"Apatiit k\u00f5rvar\u00f5ngad \u00dcrghiie Koi Kalapaar &#8211; Aineseannu Haldjad"},"content":{"rendered":"<p>Apatiit k\u00f5rvar\u00f5ngad koosnevad 6mm ja 10mm Hiidudest ja K\u00e4\u00e4bustest ning kaunitest Koi-kaladest \u00fcrgsest Kungla Silmal\u00e4ttest, kes laulavad teie teekonnale kirevust ja v\u00e4rskeid m\u00f5tteid.<\/p>\n<p>Kumbki k\u00f5rvar\u00f5ngas kaalub 5,0 grammi ja m\u00f5\u00f5tub 10x30x97mm<\/p>\n<p><img data-recalc-dims=\"1\" loading=\"lazy\" decoding=\"async\" class=\"size-medium wp-image-2084 alignnone\" src=\"https:\/\/i0.wp.com\/sskosmos.ee\/wp-content\/uploads\/2025\/10\/Silmalatte-Vahtkond-Koi-Kaladega-Poolvaariskivi-Korvarongad-Kasitoo-Eesti-Silvi-Simberg-KOSMOS.jpg?resize=223%2C300&#038;ssl=1\" alt=\"Silmal\u00e4tte Vahtkond Koi Kaladega Poolv\u00e4\u00e4riskivi K\u00f5rvar\u00f5ngad K\u00e4sit\u00f6\u00f6 Eesti Silvi Simberg KOSMOS\" width=\"223\" height=\"300\" srcset=\"https:\/\/i0.wp.com\/sskosmos.ee\/wp-content\/uploads\/2025\/10\/Silmalatte-Vahtkond-Koi-Kaladega-Poolvaariskivi-Korvarongad-Kasitoo-Eesti-Silvi-Simberg-KOSMOS.jpg?resize=223%2C300&amp;ssl=1 223w, https:\/\/i0.wp.com\/sskosmos.ee\/wp-content\/uploads\/2025\/10\/Silmalatte-Vahtkond-Koi-Kaladega-Poolvaariskivi-Korvarongad-Kasitoo-Eesti-Silvi-Simberg-KOSMOS.jpg?resize=762%2C1024&amp;ssl=1 762w, https:\/\/i0.wp.com\/sskosmos.ee\/wp-content\/uploads\/2025\/10\/Silmalatte-Vahtkond-Koi-Kaladega-Poolvaariskivi-Korvarongad-Kasitoo-Eesti-Silvi-Simberg-KOSMOS.jpg?resize=768%2C1032&amp;ssl=1 768w, https:\/\/i0.wp.com\/sskosmos.ee\/wp-content\/uploads\/2025\/10\/Silmalatte-Vahtkond-Koi-Kaladega-Poolvaariskivi-Korvarongad-Kasitoo-Eesti-Silvi-Simberg-KOSMOS.jpg?resize=600%2C806&amp;ssl=1 600w, https:\/\/i0.wp.com\/sskosmos.ee\/wp-content\/uploads\/2025\/10\/Silmalatte-Vahtkond-Koi-Kaladega-Poolvaariskivi-Korvarongad-Kasitoo-Eesti-Silvi-Simberg-KOSMOS.jpg?w=800&amp;ssl=1 800w\" sizes=\"auto, (max-width: 223px) 100vw, 223px\" \/><\/p>\n<h3 style=\"text-align: left;\">Fountainhead Sentry<\/h3>\n<p>R\u00e4nnumehed juba iidamatest-aadamatest teavad, et k\u00f5rvar\u00f5ngad parandavad n\u00e4gemist. Silmal\u00e4tte Vahtkonnast tuleb sulle r\u00e4nnukaaslaseks veehaldjate paar, kes aitab hiilgust t\u00f5sta sellel, mida on vaja n\u00e4ha, ja koondada eetripildilt k\u00f5ikse ebavajaliku.<\/p>\n<p>Silmal\u00e4tte Vahtkonna k\u00f5rvar\u00f5ngad l\u00fc\u00fcrakujulise Inglise lukuga kannavad K\u00e4\u00e4buse\/Hiiu helmeid ning edevaid masinl\u00f5igatud ja v\u00e4rvitud\/plaaditud Koi kalu, kes muuseas Idamaades s\u00fcmboliseerivad truudust, julgust ja s\u00fcdikust. Silmal\u00e4te on v\u00f5luallikas, mille veed ravivad silman\u00e4gemist \u2013 ja temast tulnud Koi hoiab seda j\u00f5udu endas edasi.<\/p>\n<p>Disainis ja koostas\u00a0<a href=\"https:\/\/x.com\/ishirubi\">Silvi Simberg<\/a> P\u00e4rnus oma kodustuudios <a href=\"https:\/\/sskosmos.ee\/en\/sort\/korvarongad\/silmalatte-vahtkond\/\">Fountainhead Sentry<\/a> kollektsiooniks.<\/p>","protected":false},"excerpt":{"rendered":"<p>Apatiit k\u00f5rvar\u00f5ngad koosnevad 6mm ja 10mm Hiidudest ja K\u00e4\u00e4bustest ning kaunitest Koi-kaladest \u00fcrgsest Kungla Silmal\u00e4ttest, kes laulavad teie teekonnale kirevust ja v\u00e4rskeid m\u00f5tteid.<\/p>","protected":false},"featured_media":2061,"template":"","meta":[],"product_brand":[],"product_cat":[200],"product_tag":[],"class_list":{"0":"post-2045","1":"product","2":"type-product","3":"status-publish","4":"has-post-thumbnail","6":"product_cat-silmalatte-vahtkond","7":"pa_kivi-apatiit","8":"pa_tahtkuju-kaksikud","9":"pa_varv-sinine","11":"first","12":"instock","13":"shipping-taxable","14":"purchasable","15":"product-type-simple"},"jetpack_sharing_enabled":true,"_links":{"self":[{"href":"https:\/\/sskosmos.ee\/en\/wp-json\/wp\/v2\/product\/2045","targetHints":{"allow":["GET"]}}],"collection":[{"href":"https:\/\/sskosmos.ee\/en\/wp-json\/wp\/v2\/product"}],"about":[{"href":"https:\/\/sskosmos.ee\/en\/wp-json\/wp\/v2\/types\/product"}],"wp:featuredmedia":[{"embeddable":true,"href":"https:\/\/sskosmos.ee\/en\/wp-json\/wp\/v2\/media\/2061"}],"wp:attachment":[{"href":"https:\/\/sskosmos.ee\/en\/wp-json\/wp\/v2\/media?parent=2045"}],"wp:term":[{"taxonomy":"product_brand","embeddable":true,"href":"https:\/\/sskosmos.ee\/en\/wp-json\/wp\/v2\/product_brand?post=2045"},{"taxonomy":"product_cat","embeddable":true,"href":"https:\/\/sskosmos.ee\/en\/wp-json\/wp\/v2\/product_cat?post=2045"},{"taxonomy":"product_tag","embeddable":true,"href":"https:\/\/sskosmos.ee\/en\/wp-json\/wp\/v2\/product_tag?post=2045"}],"curies":[{"name":"wp","href":"https:\/\/api.w.org\/{rel}","templated":true}]}}