{"id":2414,"date":"2025-10-14T19:27:44","date_gmt":"2025-10-14T19:27:44","guid":{"rendered":"https:\/\/sskosmos.ee\/butiik\/kinaver-kosmoses-korvarongas-kutkemurdja-vaimu-leek\/"},"modified":"2026-02-12T18:18:28","modified_gmt":"2026-02-12T18:18:28","slug":"kinaver-kosmoses-korvarongas-kutkemurdja-vaimu-leek","status":"publish","type":"product","link":"https:\/\/sskosmos.ee\/en\/butiik\/kinaver-kosmoses-korvarongas-kutkemurdja-vaimu-leek\/","title":{"rendered":"Kinaver Kosmoses k\u00f5rvar\u00f5ngas &#8211; K\u00fctkemurdja Vaimu Leek"},"content":{"rendered":"<p>Kinaver Kosmoses \u00fcksik k\u00f5rvar\u00f5ngas on leegitseb alkeemilise graatsiaga, mis muundab sisemise ahnuse t\u00f5eliseks k\u00fclluseks ning pakub sellega maandavat stabiilsust revolutsioonilisteks muutusteks ja s\u00fctitab julgust.<\/p>\n<p>Kinaver Kosmoses k\u00f5rvar\u00f5ngas on ainulaadne as\u00fcmmeetriline k\u00f5rvar\u00f5nga komplekt &#8211; s\u00e4rava kvaliteetse labori vermilioon kinaver-vaigu- ja kosmilise kuldkivi klaasist helme k\u00f5rvar\u00f5nga konksuks on mustaks v\u00f5\u00f5batud l\u00fc\u00fcrakujuline inglise lukk; paariliseks on 3mm mustaks v\u00f5\u00f5batud t\u00e4ppk\u00f5rvar\u00f5ngas.<\/p>\n<p>K\u00f5rvar\u00f5ngas kaalub 4,5 grammi ja m\u00f5\u00f5tub 16*51mm.<\/p>\n<p>Kujundas ja koostas <a href=\"https:\/\/x.com\/ishirubi\">Silvi Simberg<\/a> P\u00e4rnus oma kodustuudios <a href=\"https:\/\/sskosmos.ee\/en\/sort\/korvarongad\/kotermanni-ankur\/\">Kotermanni Ankru<\/a> kollektsiooni raames.<\/p>\n<h3 style=\"text-align: center;\">Kotermann's Anchor<\/h3>\n<p>Kotermanni Ankur on lisapaar silmateri \u2013 ja need pole mitte niisama tavalised silmad, vaid laevahaldja silmad. Ahenenud tera ehk *Vaatlev Silm v\u00f5tab fookusesse k\u00e4esoleva, avardunud tera ehk *Tajuv Silm vaatab suuremat pilti.<\/p>\n<p>Tormised hoovused v\u00f5ivad m\u00f5istusele vingerpusse tegema hakata, niisiis v\u00f5ivad sinu sisemise Vana hoiatush\u00f5iked Ab\u00fcssaali kaduma j\u00e4\u00e4da, ning esile tikuvad hoopis s\u00fcngemad varjundid ja hirmsamad kujundid Hadaalist.<\/p>\n<p>K\u00f5rgkvaliteetsete t\u00e4helepanekute tarbeks on sul m\u00f5lemat silma vaja kasutada, ning pea meeles: igal objektil on kaks aspekti, millest tuleneb tema olemus ja t\u00e4hendus: sisu, ja selle sisu raamistik (kontekst). Kui sisu raamistikust v\u00e4lja v\u00f5tta, kaob osa tema olemusest; kui sisu v\u00e4\u00e4rasse raamistikku paigaldada \u2013 muutub tema t\u00e4hendus t\u00e4ienisti valeks. N\u00f5nda s\u00fcnnitad v\u00e4rd-Jaffesid, keda k\u00f5lbabki ainult sinnasamusesse Hadaalis\u00fcgavustesse kihutada.<\/p>\n<p>*Miyamoto Musashi \u00fcks k\u00f5rgematest t\u00e4helepanekutest oli meie n\u00e4gemise ja taju eristamine:<\/p>\n<p>Vaatlev silm paneb t\u00e4hele ainult k\u00fclma, selget, tagasil\u00fckkamatut t\u00f5de. Ta n\u00e4eb, kuidas purjed kallutavad tuules, kuidas laev k\u00e4ib lainetel, ilma fantastiliste m\u00e4rkusteta tajuva silma poolt. Tajuv silm aga r\u00e4ndab kaugele silmapiiri taha, \u00fcrg-udusse ja pika maa peale v\u00f5ivad tema seletused l\u00e4bi sinu isiklike kogemuste m\u00e4lestuste moonutatuna kohale j\u00f5uda ja peale hakata.<\/p>","protected":false},"excerpt":{"rendered":"<p>Kinaver Kosmoses k\u00f5rvar\u00f5ngas on k\u00fcllusetootem &#8211; alkeemiline graatsia muundab sisemise ahnuse t\u00f5eliseks k\u00fclluseks ning pakub sellega maandavat stabiilsust revolutsioonilisteks muutusteks.<\/p>","protected":false},"featured_media":2292,"template":"","meta":[],"product_brand":[],"product_cat":[199],"product_tag":[],"class_list":{"0":"post-2414","1":"product","2":"type-product","3":"status-publish","4":"has-post-thumbnail","6":"product_cat-kotermanni-ankur","7":"pa_kivi-kinaver","8":"pa_kivi-kuldkivi","9":"pa_sunnikivi-254","10":"pa_tahtkuju-lovi","11":"pa_varv-punane","12":"pa_varv-sinine","14":"first","15":"instock","16":"shipping-taxable","17":"purchasable","18":"product-type-simple"},"jetpack_sharing_enabled":true,"_links":{"self":[{"href":"https:\/\/sskosmos.ee\/en\/wp-json\/wp\/v2\/product\/2414","targetHints":{"allow":["GET"]}}],"collection":[{"href":"https:\/\/sskosmos.ee\/en\/wp-json\/wp\/v2\/product"}],"about":[{"href":"https:\/\/sskosmos.ee\/en\/wp-json\/wp\/v2\/types\/product"}],"wp:featuredmedia":[{"embeddable":true,"href":"https:\/\/sskosmos.ee\/en\/wp-json\/wp\/v2\/media\/2292"}],"wp:attachment":[{"href":"https:\/\/sskosmos.ee\/en\/wp-json\/wp\/v2\/media?parent=2414"}],"wp:term":[{"taxonomy":"product_brand","embeddable":true,"href":"https:\/\/sskosmos.ee\/en\/wp-json\/wp\/v2\/product_brand?post=2414"},{"taxonomy":"product_cat","embeddable":true,"href":"https:\/\/sskosmos.ee\/en\/wp-json\/wp\/v2\/product_cat?post=2414"},{"taxonomy":"product_tag","embeddable":true,"href":"https:\/\/sskosmos.ee\/en\/wp-json\/wp\/v2\/product_tag?post=2414"}],"curies":[{"name":"wp","href":"https:\/\/api.w.org\/{rel}","templated":true}]}}