{"id":2415,"date":"2025-10-14T19:27:44","date_gmt":"2025-10-14T19:27:44","guid":{"rendered":"https:\/\/sskosmos.ee\/butiik\/shousan-kivi-kosmoses-korvarongas-kaosemurdja-vaimu-silma\/"},"modified":"2025-10-14T19:28:19","modified_gmt":"2025-10-14T19:28:19","slug":"shousan-kivi-kosmoses-korvarongas-kaosemurdja-vaimu-silma","status":"publish","type":"product","link":"https:\/\/sskosmos.ee\/en\/butiik\/shousan-kivi-kosmoses-korvarongas-kaosemurdja-vaimu-silma\/","title":{"rendered":"Shousan Kivi Kosmoses k\u00f5rvar\u00f5ngas &#8211;  Kaosemurdja Vaimu Silma"},"content":{"rendered":"<p>Shoushan Kivi Kosmoses \u00fcksik k\u00f5rvar\u00f5ngas on sosistab \u00e4rkvele t\u00e4psuse ja t\u00f5stab su loovuse j\u00f5utaset suurema pildi harmooniasse. <\/p>\n<p>Shoushan Kivi Kosmoses k\u00f5rvar\u00f5ngas on ainulaadne as\u00fcmmeetriline k\u00f5rvar\u00f5nga komplekt &#8211; s\u00e4rava kvaliteetse agalmatoliit- ja kosmilise kuldkivi klaashelme k\u00f5rvar\u00f5nga konksuks on mustaks v\u00f5\u00f5batud l\u00fc\u00fcrakujuline inglise lukk; paariliseks on 3mm mustaks v\u00f5\u00f5batud t\u00e4ppk\u00f5rvar\u00f5ngas. <\/p>\n<p>K\u00f5rvar\u00f5ngas kaalub 4,4 grammi ja m\u00f5\u00f5tub 16*51mm. <\/p>\n<p>Kujundas ja koostas <a href=\"https:\/\/x.com\/ishirubi\">Silvi Simberg<\/a> P\u00e4rnus oma kodustuudios <a href=\"https:\/\/sskosmos.ee\/en\/sort\/korvarongad\/kotermanni-ankur\/\">Kotermanni Ankru<\/a> kollektsiooni raames.<\/p>\n<h3 style=\"text-align: center;\">Kotermann's Anchor<\/h3>\n<p>Kotermanni Ankur on lisapaar silmateri \u2013 ja need pole mitte niisama tavalised silmad, vaid laevahaldja silmad. Ahenenud tera ehk *Vaatlev Silm v\u00f5tab fookusesse k\u00e4esoleva, avardunud tera ehk *Tajuv Silm vaatab suuremat pilti.<\/p>\n<p>Tormised hoovused v\u00f5ivad m\u00f5istusele vingerpusse tegema hakata, niisiis v\u00f5ivad sinu sisemise Vana hoiatush\u00f5iked Ab\u00fcssaali kaduma j\u00e4\u00e4da, ning esile tikuvad hoopis s\u00fcngemad varjundid ja hirmsamad kujundid Hadaalist.<\/p>\n<p>K\u00f5rgkvaliteetsete t\u00e4helepanekute tarbeks on sul m\u00f5lemat silma vaja kasutada, ning pea meeles: igal objektil on kaks aspekti, millest tuleneb tema olemus ja t\u00e4hendus: sisu, ja selle sisu raamistik (kontekst). Kui sisu raamistikust v\u00e4lja v\u00f5tta, kaob osa tema olemusest; kui sisu v\u00e4\u00e4rasse raamistikku paigaldada \u2013 muutub tema t\u00e4hendus t\u00e4ienisti valeks. N\u00f5nda s\u00fcnnitad v\u00e4rd-Jaffesid, keda k\u00f5lbabki ainult sinnasamusesse Hadaalis\u00fcgavustesse kihutada.<\/p>\n<p>*Miyamoto Musashi \u00fcks k\u00f5rgematest t\u00e4helepanekutest oli meie n\u00e4gemise ja taju eristamine:<\/p>\n<p>Vaatlev silm paneb t\u00e4hele ainult k\u00fclma, selget, tagasil\u00fckkamatut t\u00f5de. Ta n\u00e4eb, kuidas purjed kallutavad tuules, kuidas laev k\u00e4ib lainetel, ilma fantastiliste m\u00e4rkusteta tajuva silma poolt. Tajuv silm aga r\u00e4ndab kaugele silmapiiri taha, \u00fcrg-udusse ja pika maa peale v\u00f5ivad tema seletused l\u00e4bi sinu isiklike kogemuste m\u00e4lestuste moonutatuna kohale j\u00f5uda ja peale hakata.<\/p>","protected":false},"excerpt":{"rendered":"<p>Shousan Kivi Kosmoses k\u00f5rvar\u00f5ngas on fookustootem &#8211; selle sosinad \u00e4ratavad \u00e4rkvele harmoonilise loovuse ja saadab unne segipaiskavad r\u00fctmitused<\/p>","protected":false},"featured_media":2361,"template":"","meta":[],"product_brand":[],"product_cat":[199],"product_tag":[],"class_list":{"0":"post-2415","1":"product","2":"type-product","3":"status-publish","4":"has-post-thumbnail","6":"product_cat-kotermanni-ankur","7":"pa_kivi-kuldkivi","8":"pa_kivi-shoushan-kivi","9":"pa_sunnikivi-254","10":"pa_varv-sinine","12":"first","13":"instock","14":"shipping-taxable","15":"purchasable","16":"product-type-simple"},"jetpack_sharing_enabled":true,"_links":{"self":[{"href":"https:\/\/sskosmos.ee\/en\/wp-json\/wp\/v2\/product\/2415","targetHints":{"allow":["GET"]}}],"collection":[{"href":"https:\/\/sskosmos.ee\/en\/wp-json\/wp\/v2\/product"}],"about":[{"href":"https:\/\/sskosmos.ee\/en\/wp-json\/wp\/v2\/types\/product"}],"wp:featuredmedia":[{"embeddable":true,"href":"https:\/\/sskosmos.ee\/en\/wp-json\/wp\/v2\/media\/2361"}],"wp:attachment":[{"href":"https:\/\/sskosmos.ee\/en\/wp-json\/wp\/v2\/media?parent=2415"}],"wp:term":[{"taxonomy":"product_brand","embeddable":true,"href":"https:\/\/sskosmos.ee\/en\/wp-json\/wp\/v2\/product_brand?post=2415"},{"taxonomy":"product_cat","embeddable":true,"href":"https:\/\/sskosmos.ee\/en\/wp-json\/wp\/v2\/product_cat?post=2415"},{"taxonomy":"product_tag","embeddable":true,"href":"https:\/\/sskosmos.ee\/en\/wp-json\/wp\/v2\/product_tag?post=2415"}],"curies":[{"name":"wp","href":"https:\/\/api.w.org\/{rel}","templated":true}]}}