{"id":2956,"date":"2025-11-11T13:12:48","date_gmt":"2025-11-11T13:12:48","guid":{"rendered":"https:\/\/sskosmos.ee\/?post_type=product&#038;p=2956"},"modified":"2026-04-15T06:03:03","modified_gmt":"2026-04-15T06:03:03","slug":"laavakivi-korvarongad-polaarmaa-veskioed","status":"publish","type":"product","link":"https:\/\/sskosmos.ee\/en\/butiik\/laavakivi-korvarongad-polaarmaa-veskioed\/","title":{"rendered":"Laavakivi k\u00f5rvar\u00f5ngad &#8211; Polaarmaa Veski\u00f5ed"},"content":{"rendered":"<p>Laavakivi k\u00f5rvar\u00f5ngad v\u00f5\u00f5batud arktilisse j\u00e4\u00e4sse \u00f5hkavad j\u00e4rejepidevust, 6mm ja 10mm k\u00e4\u00e4bus ja hiid peegelduvad Ps\u00fc\u00fche vastupidavuses.<\/p>\n<p>Kumbki k\u00f5rvar\u00f5ngas kaalub 2.2 grammi ja m\u00f5\u00f5tub 11x44mm.<\/p>\n<p>Udukogu k\u00f5rvar\u00f5ngaid saab isikustada viimistluse ja konksuainega &#8211; valikus on 18k kuld- ja teras\/roodium viimistlus; roostevaba teras v\u00f5i plaatidud 925 Sterling h\u00f5be alusaine.<\/p>\n<h3>The Starforger's Nebula<\/h3>\n<p>Ani\u00f6n (-) ja Kati\u00f6n (+) on T\u00e4her\u00e4nnaku kaks poolt, kellede konksuks Vojaa\u017e \u2013 katkematu t\u00e4her\u00e4nnaku teekond; Ilmap\u00e4rliteks K\u00e4\u00e4bus ja Hiid; Eraldatud teineteisest terasest taevakaarte ja taevakaared teineteisest Atoll-Anulettidega, mis on koondunud galaktiliste viirude orbiiti.<\/p>\n<p>T\u00e4hesepa Udukogu k\u00f5rvar\u00f5ngad kohanesid sammhaaval oma ajatu kauniduse ja kaaluni, mis teeb neist sobiliku kaaslase nii igap\u00e4evaseks asjaajamiseks kui ka peenemateks pidustusteks.<\/p>\n<p>Disainis ja koostas <a href=\"https:\/\/x.com\/ishirubi\">Silvi Simberg<\/a> P\u00e4rnus oma kodustuudios <a href=\"https:\/\/sskosmos.ee\/en\/sort\/korvarongad\/tahesepa-udukogu\/\">The Starforger's Nebula<\/a> kollektsiooniks.<\/p>","protected":false},"excerpt":{"rendered":"<p>Laavakivi k\u00f5rvar\u00f5ngad v\u00f5\u00f5batud arktilisse j\u00e4\u00e4sse \u00f5hkavad j\u00e4rejepidevust, 6mm ja 10mm k\u00e4\u00e4bus ja hiid peegelduvad Ps\u00fc\u00fche vastupanuv\u00f5imes.<\/p>","protected":false},"featured_media":2962,"template":"","meta":[],"product_brand":[],"product_cat":[201],"product_tag":[],"class_list":{"0":"post-2956","1":"product","2":"type-product","3":"status-publish","4":"has-post-thumbnail","6":"product_cat-tahesepa-udukogu","7":"pa_kivi-laavakivi","8":"pa_tahtkuju-sonn","9":"pa_tahtkuju-vahk","10":"pa_varv-sinine","12":"first","13":"instock","14":"shipping-taxable","15":"purchasable","16":"product-type-variable","17":"has-default-attributes"},"jetpack_sharing_enabled":true,"_links":{"self":[{"href":"https:\/\/sskosmos.ee\/en\/wp-json\/wp\/v2\/product\/2956","targetHints":{"allow":["GET"]}}],"collection":[{"href":"https:\/\/sskosmos.ee\/en\/wp-json\/wp\/v2\/product"}],"about":[{"href":"https:\/\/sskosmos.ee\/en\/wp-json\/wp\/v2\/types\/product"}],"wp:featuredmedia":[{"embeddable":true,"href":"https:\/\/sskosmos.ee\/en\/wp-json\/wp\/v2\/media\/2962"}],"wp:attachment":[{"href":"https:\/\/sskosmos.ee\/en\/wp-json\/wp\/v2\/media?parent=2956"}],"wp:term":[{"taxonomy":"product_brand","embeddable":true,"href":"https:\/\/sskosmos.ee\/en\/wp-json\/wp\/v2\/product_brand?post=2956"},{"taxonomy":"product_cat","embeddable":true,"href":"https:\/\/sskosmos.ee\/en\/wp-json\/wp\/v2\/product_cat?post=2956"},{"taxonomy":"product_tag","embeddable":true,"href":"https:\/\/sskosmos.ee\/en\/wp-json\/wp\/v2\/product_tag?post=2956"}],"curies":[{"name":"wp","href":"https:\/\/api.w.org\/{rel}","templated":true}]}}