{"id":3031,"date":"2025-11-11T16:27:23","date_gmt":"2025-11-11T16:27:23","guid":{"rendered":"https:\/\/sskosmos.ee\/?post_type=product&#038;p=3031"},"modified":"2026-04-15T06:10:41","modified_gmt":"2026-04-15T06:10:41","slug":"valge-kaltsedon-ja-tsaroiit-imitatsioonkivi-kaevoru-puha-uhing","status":"publish","type":"product","link":"https:\/\/sskosmos.ee\/en\/butiik\/valge-kaltsedon-ja-tsaroiit-imitatsioonkivi-kaevoru-puha-uhing\/","title":{"rendered":"White Chalcedony &amp; Charoteoid Artstone Bracelet - \"Sacred Union\""},"content":{"rendered":"<p>Priit Simbergi koostatud valge kaltsedoni, t\u0161aroiit-imitatsioonkivi ja 18k PVD-kullatud roostevabast terasest m\u00fcstikeste k\u00e4ev\u00f5ru.<\/p>\n<p>Pingestamata l\u00e4bim\u00f5\u00f5t 18cm<\/p>\n<p>Kaalub 24.2 grammi<\/p>\n<details open=\"open\">\n<summary>Garantii \u00fcksikasjad<\/summary>\n<ul class=\"wp-block-list\">\n<li>50-199\u20ac toodetele kehtib 1-aastane kvaliteedi-garantii \u2013 k\u00e4sit\u00f6\u00f6 ja materjali defektide ilmnemisel parandan v\u00f5i vahetan v\u00e4lja toote. Kuna enamik selle hinnaklassi tooted on ainueksemplarid, saab v\u00e4lja vahetada m\u00f5ne teise toote vastu.<\/li>\n<li>Viimistluskihita\u00a0<strong>roostevabast terasest<\/strong> komponendid on aegumatud. Poleerimisel v\u00f5ib siiski juhtuda, et konksudele\/m\u00fctsikestele tekivad kriimud ja kulumine. Garantiikorras saab ehted remoti saata ning vahetan kulunud komponendid v\u00e4lja.<\/li>\n<\/ul>\n<p>SSKOSMOSe helmep\u00f5hised disainid koosnevad mineraalidest, poolv\u00e4\u00e4riskividest, klaasist ja teistest tehismaterjalidest, mille olen iga toote puhul v\u00f5imalikult ausalt v\u00e4lja toonud. Helmeste identifitseerimisel kasutan geoloogilisi printsiipe ja laiemat turutarkust.<\/p>\n<ul>\n<li>Kasutusel selgudes, et m\u00f5ni materjal pole p\u00e4ris see, millena seda reklaamisin, on garantii-korras v\u00f5imalik toode tagastada v\u00f5i v\u00e4lja vahetada.<\/li>\n<li>Helmeste purunemisel garantii-aja raames v\u00f5tan ehte remonti ja asendan purunenud komponendid.<\/li>\n<li>V\u00e4rvitud ja laikud helmeste v\u00e4rvilekke puhul kutsun toote garantiikorras remonti ning vahetan komponendid v\u00e4lja. Soovi korral saad ka ehte v\u00e4lja vahetada. See h\u00f5lmab v\u00e4rvitud ja metallviimistletud Miyuki-klaashelmeid ning v\u00e4rvt\u00f6\u00f6deldud kivihelmeid.<\/li>\n<li>N\u00f6\u00f6ride ja kummide purunemisel lepime remondi kokku ja parandan \u00e4ra \u2013 enamike toodete puhul on sellisel juhul v\u00f5imalik ka kaduma lipsanud helmeid asendada.<\/li>\n<li>Ehete remondiks lepi t\u00f6\u00f6 minuga kokku silvisimberg@outlook.com v\u00f5i kontaktvormi teel.<\/li>\n<li>Pakenda remonti saadetav toode n\u00f5nda, et ta teel minuni veel rohkem viga ei saaks.<\/li>\n<li>Pakiautomaate kasutades katan remondi-garantiiga seonduvad tasud 100%.<\/li>\n<li>Arvesta garantiiremondi ajaks n\u00e4dal-kaks.<\/li>\n<\/ul>\n<p>&nbsp;<\/p>\n<\/details>","protected":false},"excerpt":{"rendered":"<p>Priit Simbergi koostatud valge kaltsedoni, t\u0161aroiit-imitatsioonkivi ja 18k PVD-kullatud roostevabast terasest m\u00fcstikeste k\u00e4ev\u00f5ru. Pingestamata l\u00e4bim\u00f5\u00f5t 18cm Kaalub 24.2 grammi Garantii \u00fcksikasjad 50-199\u20ac toodetele kehtib 1-aastane kvaliteedi-garantii \u2013 k\u00e4sit\u00f6\u00f6 ja materjali defektide ilmnemisel parandan v\u00f5i vahetan v\u00e4lja toote. Kuna enamik selle hinnaklassi tooted on ainueksemplarid, saab v\u00e4lja vahetada m\u00f5ne teise toote vastu. Viimistluskihita\u00a0roostevabast terasest komponendid on [&hellip;]<\/p>\n","protected":false},"featured_media":3032,"template":"","meta":[],"product_brand":[],"product_cat":[288],"product_tag":[],"class_list":{"0":"post-3031","1":"product","2":"type-product","3":"status-publish","4":"has-post-thumbnail","6":"product_cat-moreeni-aare","7":"pa_kivi-kaltsedon","8":"pa_kivi-varvitud-kivi","9":"pa_sunnikivi-juuni","10":"pa_tahtkuju-ambur","11":"pa_tahtkuju-jaar","12":"pa_tahtkuju-kaksikud","13":"pa_tahtkuju-skorpion","14":"pa_tahtkuju-vahk","15":"pa_varv-lilla","16":"pa_varv-valge","18":"first","19":"instock","20":"shipping-taxable","21":"purchasable","22":"product-type-simple"},"jetpack_sharing_enabled":true,"_links":{"self":[{"href":"https:\/\/sskosmos.ee\/en\/wp-json\/wp\/v2\/product\/3031","targetHints":{"allow":["GET"]}}],"collection":[{"href":"https:\/\/sskosmos.ee\/en\/wp-json\/wp\/v2\/product"}],"about":[{"href":"https:\/\/sskosmos.ee\/en\/wp-json\/wp\/v2\/types\/product"}],"wp:featuredmedia":[{"embeddable":true,"href":"https:\/\/sskosmos.ee\/en\/wp-json\/wp\/v2\/media\/3032"}],"wp:attachment":[{"href":"https:\/\/sskosmos.ee\/en\/wp-json\/wp\/v2\/media?parent=3031"}],"wp:term":[{"taxonomy":"product_brand","embeddable":true,"href":"https:\/\/sskosmos.ee\/en\/wp-json\/wp\/v2\/product_brand?post=3031"},{"taxonomy":"product_cat","embeddable":true,"href":"https:\/\/sskosmos.ee\/en\/wp-json\/wp\/v2\/product_cat?post=3031"},{"taxonomy":"product_tag","embeddable":true,"href":"https:\/\/sskosmos.ee\/en\/wp-json\/wp\/v2\/product_tag?post=3031"}],"curies":[{"name":"wp","href":"https:\/\/api.w.org\/{rel}","templated":true}]}}