{"id":3105,"date":"2025-11-11T20:34:14","date_gmt":"2025-11-11T20:34:14","guid":{"rendered":"https:\/\/sskosmos.ee\/?post_type=product&#038;p=3105"},"modified":"2025-11-11T20:37:04","modified_gmt":"2025-11-11T20:37:04","slug":"almandiin-granaat-roosikrants-palvehelmed","status":"publish","type":"product","link":"https:\/\/sskosmos.ee\/en\/butiik\/almandiin-granaat-roosikrants-palvehelmed\/","title":{"rendered":"Almandine Garnet Rosary Prayer Beads"},"content":{"rendered":"<p>Klassikaline viie dekaadiga roosikrants ehk palvehelmed Silvi poolt disainitud roostevabast terasest keskosaga ja PVD-plaaditud ristiga. Helmeste vahel olevad kuulid ja suured p\u00e4rlik\u00fcbarad on PVD-plaaditud roostevaba teras, v\u00e4ikeste helmeste m\u00fctsikesed on kullatud raud.<\/p>\n<p>Roostevabad kee-otsikud ja professionaalne kalastuspael tagavad erakordse vastupidavuse.<\/p>\n<h4>Vali nelja kujundatud keskosa vahel:<\/h4>\n<p><img data-recalc-dims=\"1\" loading=\"lazy\" decoding=\"async\" class=\"wp-image-3078 size-full\" src=\"https:\/\/i0.wp.com\/sskosmos.ee\/wp-content\/uploads\/2025\/11\/palvehelmeste-keskosade-valikud.webp?resize=908%2C310&#038;ssl=1\" alt=\"palvehelmeste keskosade valikud\" width=\"908\" height=\"310\" srcset=\"https:\/\/i0.wp.com\/sskosmos.ee\/wp-content\/uploads\/2025\/11\/palvehelmeste-keskosade-valikud.webp?w=908&amp;ssl=1 908w, https:\/\/i0.wp.com\/sskosmos.ee\/wp-content\/uploads\/2025\/11\/palvehelmeste-keskosade-valikud.webp?resize=300%2C102&amp;ssl=1 300w, https:\/\/i0.wp.com\/sskosmos.ee\/wp-content\/uploads\/2025\/11\/palvehelmeste-keskosade-valikud.webp?resize=768%2C262&amp;ssl=1 768w, https:\/\/i0.wp.com\/sskosmos.ee\/wp-content\/uploads\/2025\/11\/palvehelmeste-keskosade-valikud.webp?resize=600%2C205&amp;ssl=1 600w\" sizes=\"auto, (max-width: 908px) 100vw, 908px\" \/><\/p>\n<details>\n<summary>Garantii tingimused<\/summary>\n<p>50-199\u20ac toodetele kehtib 1-aastane kvaliteedi-garantii \u2013 k\u00e4sit\u00f6\u00f6 ja materjali defektide ilmnemisel parandan v\u00f5i vahetan v\u00e4lja toote. Kuna enamik selle hinnaklassi tooted on ainueksemplarid, saab v\u00e4lja vahetada m\u00f5ne teise toote vastu.<br \/>\n200-799\u20ac toodetele kehtib 2-aastane kvaliteedi-garantii.<\/p>\n<p>SSKOSMOSe helmep\u00f5hised disainid koosnevad mineraalidest, poolv\u00e4\u00e4riskividest, klaasist ja teistest tehismaterjalidest, mille olen iga toote puhul v\u00f5imalikult ausalt v\u00e4lja toonud. Helmeste identifitseerimisel kasutan geoloogilisi printsiipe ja laiemat turutarkust.<\/p>\n<ul>\n<li>Plasma-18k-viimistlusega roostevabast terasest komponendid peavad kulumisele vastu k\u00fcmneid aastaid. Poleerimisel v\u00f5ib siiski juhtuda, et konksudele\/m\u00fctsikestele tekivad kriimud ja kulumine. Garantiikorras saab ehted remoti saata ning vahetan kulunud komponendid v\u00e4lja.<\/li>\n<li>Kasutusel selgudes, et m\u00f5ni materjal pole p\u00e4ris see, millena seda reklaamisin, on garantii-korras v\u00f5imalik toode tagastada v\u00f5i v\u00e4lja vahetada.<\/li>\n<li>Helmeste purunemisel garantii-aja raames v\u00f5tan ehte remonti ja asendan purunenud komponendid.<\/li>\n<li>V\u00e4rvitud ja lakitud helmeste v\u00e4rvilekke puhul kutsun toote garantiikorras remonti ning vahetan komponendid v\u00e4lja. Soovi korral saad ka ehte v\u00e4lja vahetada. See h\u00f5lmab v\u00e4rvitud ja metallviimistletud Miyuki-klaashelmeid ning v\u00e4rvt\u00f6\u00f6deldud kivihelmeid.<\/li>\n<li>N\u00f6\u00f6ride ja kummide purunemisel lepime remondi kokku ja parandan \u00e4ra \u2013 enamike toodete puhul on sellisel juhul v\u00f5imalik ka kaduma lipsanud helmeid asendada.<\/li>\n<li>Ehete remondiks lepi t\u00f6\u00f6 minuga kokku silvisimberg@outlook.com v\u00f5i kontaktvormi teel.<\/li>\n<li>Pakenda remonti saadetav toode n\u00f5nda, et ta teel minuni veel rohkem viga ei saaks.<\/li>\n<li>Pakiautomaate kasutades katan remondi-garantiiga seonduvad tasud 100%.<\/li>\n<li>Arvesta garantiiremondi ajaks n\u00e4dal-kaks.<\/li>\n<\/ul>\n<\/details>\n<p>&nbsp;<\/p>","protected":false},"excerpt":{"rendered":"<p>Klassikaline viie dekaadiga roosikrants ehk palvehelmed Silvi poolt disainitud roostevabast terasest keskosaga ja PVD-plaaditud ristiga. Helmeste vahel olevad kuulid ja suured p\u00e4rlik\u00fcbarad on PVD-plaaditud roostevaba teras, v\u00e4ikeste helmeste m\u00fctsikesed on kullatud raud. Roostevabad kee-otsikud ja professionaalne kalastuspael tagavad erakordse vastupidavuse. Vali nelja kujundatud keskosa vahel: Garantii tingimused 50-199\u20ac toodetele kehtib 1-aastane kvaliteedi-garantii \u2013 k\u00e4sit\u00f6\u00f6 ja [&hellip;]<\/p>\n","protected":false},"featured_media":3107,"template":"","meta":[],"product_brand":[],"product_cat":[22],"product_tag":[],"class_list":{"0":"post-3105","1":"product","2":"type-product","3":"status-publish","4":"has-post-thumbnail","6":"product_cat-palvehelmed","7":"pa_kivi-granaat","8":"pa_sunnikivi-jaanuar","9":"pa_tahtkuju-ambur","10":"pa_tahtkuju-lovi","11":"pa_tahtkuju-skorpion","12":"pa_tahtkuju-veevalaja","13":"pa_varv-punane","15":"first","16":"instock","17":"shipping-taxable","18":"purchasable","19":"product-type-variable","20":"has-default-attributes"},"jetpack_sharing_enabled":true,"_links":{"self":[{"href":"https:\/\/sskosmos.ee\/en\/wp-json\/wp\/v2\/product\/3105","targetHints":{"allow":["GET"]}}],"collection":[{"href":"https:\/\/sskosmos.ee\/en\/wp-json\/wp\/v2\/product"}],"about":[{"href":"https:\/\/sskosmos.ee\/en\/wp-json\/wp\/v2\/types\/product"}],"wp:featuredmedia":[{"embeddable":true,"href":"https:\/\/sskosmos.ee\/en\/wp-json\/wp\/v2\/media\/3107"}],"wp:attachment":[{"href":"https:\/\/sskosmos.ee\/en\/wp-json\/wp\/v2\/media?parent=3105"}],"wp:term":[{"taxonomy":"product_brand","embeddable":true,"href":"https:\/\/sskosmos.ee\/en\/wp-json\/wp\/v2\/product_brand?post=3105"},{"taxonomy":"product_cat","embeddable":true,"href":"https:\/\/sskosmos.ee\/en\/wp-json\/wp\/v2\/product_cat?post=3105"},{"taxonomy":"product_tag","embeddable":true,"href":"https:\/\/sskosmos.ee\/en\/wp-json\/wp\/v2\/product_tag?post=3105"}],"curies":[{"name":"wp","href":"https:\/\/api.w.org\/{rel}","templated":true}]}}