{"id":766,"date":"2025-09-25T19:05:28","date_gmt":"2025-09-25T19:05:28","guid":{"rendered":"https:\/\/sskosmos.ee\/toode\/raudronk-piimkvarts-roostevabast-terasest-korvarongas\/"},"modified":"2025-10-20T06:50:53","modified_gmt":"2025-10-20T06:50:53","slug":"teraskaaren-salmepulm-korvarongas","status":"publish","type":"product","link":"https:\/\/sskosmos.ee\/en\/butiik\/teraskaaren-salmepulm-korvarongas\/","title":{"rendered":"Teraskaaren &#8220;Salmepulm&#8221; roostevabast terasest k\u00f5rvar\u00f5ngas"},"content":{"rendered":"<p>Raudkaaren &#8220;Salmepulm&#8221; on piklik roostevabast terasest \u00fcksik k\u00f5rvar\u00f5ngas, millele on terastraadiga k\u00fclge p\u00f5imitud niklivabast metallist v\u00e4ike ja detailne linnu luupea kujutis ning kaks v\u00e4ikest piimkvarstist p\u00e4rlikest. Tegemist on ainueksemplariga! Komplekti kuulub ka 3-millimeetrine roostevabast terasest t\u00e4pp-k\u00f5rvar\u00f5ngas. K\u00f5rvar\u00f5nga kujundas ja p\u00f5imis Silvi Simberg <a href=\"http:\/\/x.com\/ishirubi\">x<\/a> aastal 2023 <a href=\"https:\/\/sskosmos.ee\/en\/kollektsioonid\/kasitooehted\/korvarongad\/raudkaaren\/\">Raudkaaren<\/a> kollektsiooni raames. K\u00f5rvar\u00f5ngas kaalub 5.1 grammi ning on 34 millimeetrit pikk.<\/p>\n<details>\n<summary>M\u00e4rks\u00f5nad<\/summary>\n<p>Kaaren, ronk, vares, lind, linnupea, luupea, gooti, punk, piraat, gootistiil, punkstiil, piraadistiil, alternatiiv, avantgard, renegaat, teras<\/p>\n<\/details>\n<details>\n<summary>KvaliteediGARANTII<\/summary>\n<p>SSKOSMOSe sillajuveel on taskukohane luksus, fantastiline kingitus kallimale ja s\u00f5brale. Meie demi-fine ehted on vastupidavad ja ajatud k\u00e4sit\u00f6\u00f6 disainjuveelid, mille koostamisel on arvestatud kaalu, vastupidabuse ja kaunidusega.<\/p>\n<p>Roostevabast terasest r\u00f5ngatoorik peab vastu elementidele ja ei kulu.<\/p>\n<p>Kuni 50\u20ac toodetele kehtib 30-p\u00e4evane rahulolu-garantii, mille alusel on sul v\u00f5imalik kasutamata toode tagastada v\u00f5i \u00fcmber vahetada.<\/p>\n<\/details>","protected":false},"excerpt":{"rendered":"<p>Raudkaaren &#8220;Salmepulm&#8221; on piklik roostevabast terasest \u00fcksik k\u00f5rvar\u00f5ngas, millele on terastraadiga k\u00fclge p\u00f5imitud niklivabast metallist v\u00e4ike ja detailne linnu luupea kujutis ning kaks v\u00e4ikest piimkvarstist p\u00e4rlikest. Tegemist on ainueksemplariga! Komplekti kuulub ka 3-millimeetrine roostevabast terasest t\u00e4pp-k\u00f5rvar\u00f5ngas. K\u00f5rvar\u00f5nga kujundas ja p\u00f5imis Silvi Simberg x aastal 2023 Raudkaaren kollektsiooni raames. K\u00f5rvar\u00f5ngas kaalub 5.1 grammi ning on 34 [&hellip;]<\/p>\n","protected":false},"featured_media":736,"template":"","meta":[],"product_brand":[],"product_cat":[20,202],"product_tag":[],"class_list":{"0":"post-766","1":"product","2":"type-product","3":"status-publish","4":"has-post-thumbnail","6":"product_cat-korvarongad","7":"product_cat-teraskaaren","9":"first","10":"instock","11":"shipping-taxable","12":"purchasable","13":"product-type-simple"},"jetpack_sharing_enabled":true,"_links":{"self":[{"href":"https:\/\/sskosmos.ee\/en\/wp-json\/wp\/v2\/product\/766","targetHints":{"allow":["GET"]}}],"collection":[{"href":"https:\/\/sskosmos.ee\/en\/wp-json\/wp\/v2\/product"}],"about":[{"href":"https:\/\/sskosmos.ee\/en\/wp-json\/wp\/v2\/types\/product"}],"wp:featuredmedia":[{"embeddable":true,"href":"https:\/\/sskosmos.ee\/en\/wp-json\/wp\/v2\/media\/736"}],"wp:attachment":[{"href":"https:\/\/sskosmos.ee\/en\/wp-json\/wp\/v2\/media?parent=766"}],"wp:term":[{"taxonomy":"product_brand","embeddable":true,"href":"https:\/\/sskosmos.ee\/en\/wp-json\/wp\/v2\/product_brand?post=766"},{"taxonomy":"product_cat","embeddable":true,"href":"https:\/\/sskosmos.ee\/en\/wp-json\/wp\/v2\/product_cat?post=766"},{"taxonomy":"product_tag","embeddable":true,"href":"https:\/\/sskosmos.ee\/en\/wp-json\/wp\/v2\/product_tag?post=766"}],"curies":[{"name":"wp","href":"https:\/\/api.w.org\/{rel}","templated":true}]}}